{"id":3484,"date":"2025-10-30T17:48:28","date_gmt":"2025-10-30T17:48:28","guid":{"rendered":"https:\/\/moi-dom.md\/product\/cos-cu-capac-20-l\/"},"modified":"2026-02-13T12:14:04","modified_gmt":"2026-02-13T09:14:04","slug":"cos-cu-capac-20-l","status":"publish","type":"product","link":"https:\/\/moi-dom.md\/ro\/produs\/cos-cu-capac-20-l\/","title":{"rendered":"Co\u0219 de gunoi cu capac (20 l)"},"content":{"rendered":"<p>Co\u0219ul de gunoi cu capac este o solu\u021bie convenabil\u0103 pentru p\u0103strarea cur\u0103\u021beniei acas\u0103, la birou sau la caban\u0103. Capacul se \u00eenchide \u00een siguran\u021b\u0103, prevenind r\u0103sp\u00e2ndirea mirosurilor \u0219i asigur\u00e2nd un aspect \u00eengrijit.  Fabricat\u0103 din plastic durabil, u\u0219or \u0219i rezistent la ap\u0103, u\u0219or de cur\u0103\u021bat \u0219i cu \u00eentre\u021binere redus\u0103. Forma compact\u0103 v\u0103 permite s\u0103 plasa\u021bi g\u0103leata \u00een orice loc convenabil.<br \/>\nPotrivit pentru utilizare \u00een buc\u0103t\u0103rie, baie sau toalet\u0103.<\/p>\n","protected":false},"excerpt":{"rendered":"<p>Co\u0219 practic cu capac pentru colectarea comod\u0103 \u0219i igienic\u0103 a de\u0219eurilor acas\u0103 sau la birou.<\/p>\n","protected":false},"featured_media":3477,"template":"","meta":[],"product_brand":[],"product_cat":[772,121],"product_tag":[],"class_list":{"0":"post-3484","1":"product","2":"type-product","3":"status-publish","4":"has-post-thumbnail","6":"product_cat-cosuri-cu-capac","7":"product_cat-cosuri-de-gunoi","8":"pa_color-beige","9":"pa_manufacturer-turcia","10":"pa_material-pp-polipropilena","11":"pa_size-36x34x34-cm","12":"pa_volume-20-l","14":"first","15":"instock","16":"shipping-taxable","17":"purchasable","18":"product-type-simple"},"_links":{"self":[{"href":"https:\/\/moi-dom.md\/ro\/wp-json\/wp\/v2\/product\/3484","targetHints":{"allow":["GET"]}}],"collection":[{"href":"https:\/\/moi-dom.md\/ro\/wp-json\/wp\/v2\/product"}],"about":[{"href":"https:\/\/moi-dom.md\/ro\/wp-json\/wp\/v2\/types\/product"}],"version-history":[{"count":2,"href":"https:\/\/moi-dom.md\/ro\/wp-json\/wp\/v2\/product\/3484\/revisions"}],"predecessor-version":[{"id":8886,"href":"https:\/\/moi-dom.md\/ro\/wp-json\/wp\/v2\/product\/3484\/revisions\/8886"}],"wp:featuredmedia":[{"embeddable":true,"href":"https:\/\/moi-dom.md\/ro\/wp-json\/wp\/v2\/media\/3477"}],"wp:attachment":[{"href":"https:\/\/moi-dom.md\/ro\/wp-json\/wp\/v2\/media?parent=3484"}],"wp:term":[{"taxonomy":"product_brand","embeddable":true,"href":"https:\/\/moi-dom.md\/ro\/wp-json\/wp\/v2\/product_brand?post=3484"},{"taxonomy":"product_cat","embeddable":true,"href":"https:\/\/moi-dom.md\/ro\/wp-json\/wp\/v2\/product_cat?post=3484"},{"taxonomy":"product_tag","embeddable":true,"href":"https:\/\/moi-dom.md\/ro\/wp-json\/wp\/v2\/product_tag?post=3484"}],"curies":[{"name":"wp","href":"https:\/\/api.w.org\/{rel}","templated":true}]}}