{"id":2851,"date":"2025-10-30T15:22:42","date_gmt":"2025-10-30T15:22:42","guid":{"rendered":"https:\/\/moi-dom.md\/product\/cada-de-baie\/"},"modified":"2026-02-02T16:49:44","modified_gmt":"2026-02-02T13:49:44","slug":"cada-de-baie","status":"publish","type":"product","link":"https:\/\/moi-dom.md\/ro\/produs\/cada-de-baie\/","title":{"rendered":"Cada de baie"},"content":{"rendered":"<p>Cada pentru bebelu\u0219i este proiectat\u0103 pentru \u00eemb\u0103ierea confortabil\u0103 \u0219i sigur\u0103 a bebelu\u0219ilor din primele zile de via\u021b\u0103. Forma ergonomic\u0103 men\u021bine bebelu\u0219ul \u00eentr-o pozi\u021bie confortabil\u0103, prevenind alunecarea.  U\u0219or de cur\u0103\u021bat, nu absoarbe mirosurile \u0219i p\u0103streaz\u0103 un aspect atractiv.<\/p>\n","protected":false},"excerpt":{"rendered":"<p>C\u0103di\u021b\u0103 confortabil\u0103 \u0219i sigur\u0103 pentru \u00eemb\u0103ierea bebelu\u0219ilor. Fabricat\u0103 din plastic durabil, u\u0219or de cur\u0103\u021bat \u0219i ofer\u0103 o experien\u021b\u0103 de \u00eemb\u0103iere confortabil\u0103 pentru bebelu\u0219ul dvs. <\/p>\n","protected":false},"featured_media":2852,"template":"","meta":[],"product_brand":[],"product_cat":[127],"product_tag":[],"class_list":{"0":"post-2851","1":"product","2":"type-product","3":"status-publish","4":"has-post-thumbnail","6":"product_cat-produse-pentru-bebelusi","7":"pa_color-baby-blue","8":"pa_color-beige","9":"pa_color-pink","10":"pa_manufacturer-turcia","11":"pa_material-pp-polipropilena","12":"pa_size-50x80x24-cm","13":"pa_volume-44-l","15":"first","16":"instock","17":"shipping-taxable","18":"purchasable","19":"product-type-variable"},"_links":{"self":[{"href":"https:\/\/moi-dom.md\/ro\/wp-json\/wp\/v2\/product\/2851","targetHints":{"allow":["GET"]}}],"collection":[{"href":"https:\/\/moi-dom.md\/ro\/wp-json\/wp\/v2\/product"}],"about":[{"href":"https:\/\/moi-dom.md\/ro\/wp-json\/wp\/v2\/types\/product"}],"version-history":[{"count":1,"href":"https:\/\/moi-dom.md\/ro\/wp-json\/wp\/v2\/product\/2851\/revisions"}],"predecessor-version":[{"id":8816,"href":"https:\/\/moi-dom.md\/ro\/wp-json\/wp\/v2\/product\/2851\/revisions\/8816"}],"wp:featuredmedia":[{"embeddable":true,"href":"https:\/\/moi-dom.md\/ro\/wp-json\/wp\/v2\/media\/2852"}],"wp:attachment":[{"href":"https:\/\/moi-dom.md\/ro\/wp-json\/wp\/v2\/media?parent=2851"}],"wp:term":[{"taxonomy":"product_brand","embeddable":true,"href":"https:\/\/moi-dom.md\/ro\/wp-json\/wp\/v2\/product_brand?post=2851"},{"taxonomy":"product_cat","embeddable":true,"href":"https:\/\/moi-dom.md\/ro\/wp-json\/wp\/v2\/product_cat?post=2851"},{"taxonomy":"product_tag","embeddable":true,"href":"https:\/\/moi-dom.md\/ro\/wp-json\/wp\/v2\/product_tag?post=2851"}],"curies":[{"name":"wp","href":"https:\/\/api.w.org\/{rel}","templated":true}]}}