{"id":2823,"date":"2025-11-01T16:38:12","date_gmt":"2025-11-01T16:38:12","guid":{"rendered":"https:\/\/moi-dom.md\/product\/recipient-rotund-2100-ml\/"},"modified":"2025-11-19T14:13:45","modified_gmt":"2025-11-19T14:13:45","slug":"recipient-rotund-2100-ml","status":"publish","type":"product","link":"https:\/\/moi-dom.md\/ro\/produs\/recipient-rotund-2100-ml\/","title":{"rendered":"Recipient rotund 2100 ml"},"content":{"rendered":"<p>Recipient rotund, etan\u0219, fabricat din plastic transparent durabil, cu capac securizat cu sigiliu din silicon \u0219i \u00eenchiz\u0103toare. Ofer\u0103 o etan\u0219are complet\u0103, men\u021bin\u00e2nd alimentele proaspete \u0219i prevenind scurgerile. Ideal pentru depozitarea alimentelor, gust\u0103rilor sau resturilor. Dimensiunea sa compact\u0103 \u00eel face convenabil de utilizat acas\u0103, la birou sau de transportat \u00een geant\u0103. Potrivit pentru frigider, cuptor cu microunde \u0219i ma\u0219in\u0103 de sp\u0103lat vase. Dimensiuni: 18,7&#215;18,7&#215;12,3 cm.<\/p>\n","protected":false},"excerpt":{"rendered":"<p>Recipient rotund cu capac etan\u0219 \u0219i \u00eenchiz\u0103toare.<\/p>\n","protected":false},"featured_media":2824,"template":"","meta":[],"product_brand":[],"product_cat":[106,202],"product_tag":[],"class_list":{"0":"post-2823","1":"product","2":"type-product","3":"status-publish","4":"has-post-thumbnail","6":"product_cat-organizare-si-ordine-in-bucatarie","7":"product_cat-recipiente-pentru-depozitarea-alimentelor","9":"first","10":"instock","11":"shipping-taxable","12":"purchasable","13":"product-type-simple"},"_links":{"self":[{"href":"https:\/\/moi-dom.md\/ro\/wp-json\/wp\/v2\/product\/2823","targetHints":{"allow":["GET"]}}],"collection":[{"href":"https:\/\/moi-dom.md\/ro\/wp-json\/wp\/v2\/product"}],"about":[{"href":"https:\/\/moi-dom.md\/ro\/wp-json\/wp\/v2\/types\/product"}],"version-history":[{"count":1,"href":"https:\/\/moi-dom.md\/ro\/wp-json\/wp\/v2\/product\/2823\/revisions"}],"predecessor-version":[{"id":5433,"href":"https:\/\/moi-dom.md\/ro\/wp-json\/wp\/v2\/product\/2823\/revisions\/5433"}],"wp:featuredmedia":[{"embeddable":true,"href":"https:\/\/moi-dom.md\/ro\/wp-json\/wp\/v2\/media\/2824"}],"wp:attachment":[{"href":"https:\/\/moi-dom.md\/ro\/wp-json\/wp\/v2\/media?parent=2823"}],"wp:term":[{"taxonomy":"product_brand","embeddable":true,"href":"https:\/\/moi-dom.md\/ro\/wp-json\/wp\/v2\/product_brand?post=2823"},{"taxonomy":"product_cat","embeddable":true,"href":"https:\/\/moi-dom.md\/ro\/wp-json\/wp\/v2\/product_cat?post=2823"},{"taxonomy":"product_tag","embeddable":true,"href":"https:\/\/moi-dom.md\/ro\/wp-json\/wp\/v2\/product_tag?post=2823"}],"curies":[{"name":"wp","href":"https:\/\/api.w.org\/{rel}","templated":true}]}}