{"id":2785,"date":"2025-11-01T16:38:12","date_gmt":"2025-11-01T16:38:12","guid":{"rendered":"https:\/\/moi-dom.md\/product\/container-32-litri\/"},"modified":"2025-11-19T14:14:40","modified_gmt":"2025-11-19T14:14:40","slug":"container-32-litri","status":"publish","type":"product","link":"https:\/\/moi-dom.md\/ro\/produs\/container-32-litri\/","title":{"rendered":"Container 32 litri"},"content":{"rendered":"<p>Recipient transparent practic fabricat din plastic rezistent. Echipat cu un capac convenabil cu \u00eenchiz\u0103tori laterale str\u00e2nse care asigur\u0103 o \u00eenchidere sigur\u0103 \u0219i etan\u0219eitate. Potrivit pentru depozitarea alimentelor, fleacurilor de uz casnic, uneltelor \u0219i accesoriilor. Pere\u021bii transparen\u021bi permit vizualizarea cu u\u0219urin\u021b\u0103 a con\u021binutului, \u00een timp ce construc\u021bia robust\u0103 asigur\u0103 durabilitate \u0219i u\u0219urin\u021b\u0103 \u00een utilizare. Dimensiuni: 25,5 x 36,5 x 50,5 cm.    <\/p>\n","protected":false},"excerpt":{"rendered":"<p>Recipient din plastic transparent cu capac etan\u0219 \u0219i \u00eenchiz\u0103toare.<\/p>\n","protected":false},"featured_media":2786,"template":"","meta":[],"product_brand":[],"product_cat":[198,98,201],"product_tag":[],"class_list":{"0":"post-2785","1":"product","2":"type-product","3":"status-publish","4":"has-post-thumbnail","6":"product_cat-hranenie-i-organizatia-prostranstva","7":"product_cat-organizatia-i-poreadok-na-kuhne","8":"product_cat-konteineri-dlea-hranenia-pishi","10":"first","11":"instock","12":"shipping-taxable","13":"purchasable","14":"product-type-simple"},"_links":{"self":[{"href":"https:\/\/moi-dom.md\/ro\/wp-json\/wp\/v2\/product\/2785","targetHints":{"allow":["GET"]}}],"collection":[{"href":"https:\/\/moi-dom.md\/ro\/wp-json\/wp\/v2\/product"}],"about":[{"href":"https:\/\/moi-dom.md\/ro\/wp-json\/wp\/v2\/types\/product"}],"version-history":[{"count":2,"href":"https:\/\/moi-dom.md\/ro\/wp-json\/wp\/v2\/product\/2785\/revisions"}],"predecessor-version":[{"id":5435,"href":"https:\/\/moi-dom.md\/ro\/wp-json\/wp\/v2\/product\/2785\/revisions\/5435"}],"wp:featuredmedia":[{"embeddable":true,"href":"https:\/\/moi-dom.md\/ro\/wp-json\/wp\/v2\/media\/2786"}],"wp:attachment":[{"href":"https:\/\/moi-dom.md\/ro\/wp-json\/wp\/v2\/media?parent=2785"}],"wp:term":[{"taxonomy":"product_brand","embeddable":true,"href":"https:\/\/moi-dom.md\/ro\/wp-json\/wp\/v2\/product_brand?post=2785"},{"taxonomy":"product_cat","embeddable":true,"href":"https:\/\/moi-dom.md\/ro\/wp-json\/wp\/v2\/product_cat?post=2785"},{"taxonomy":"product_tag","embeddable":true,"href":"https:\/\/moi-dom.md\/ro\/wp-json\/wp\/v2\/product_tag?post=2785"}],"curies":[{"name":"wp","href":"https:\/\/api.w.org\/{rel}","templated":true}]}}