{"id":2775,"date":"2025-11-01T16:38:12","date_gmt":"2025-11-01T16:38:12","guid":{"rendered":"https:\/\/moi-dom.md\/product\/container-25-litri\/"},"modified":"2025-11-19T14:15:26","modified_gmt":"2025-11-19T14:15:26","slug":"container-25-litri","status":"publish","type":"product","link":"https:\/\/moi-dom.md\/ro\/produs\/container-25-litri\/","title":{"rendered":"Container 25 litri"},"content":{"rendered":"<p>Recipient de depozitare transparent \u0219i spa\u021bios, fabricat din plastic rezistent. Echipat cu un capac sigur cu \u00eenchiz\u0103tori str\u00e2nse. Ideal pentru depozitarea hainelor, juc\u0103riilor, textilelor \u0219i a altor articole acas\u0103 sau \u00een depozit. Pere\u021bii transparen\u021bi faciliteaz\u0103 vederea con\u021binutului, iar construc\u021bia robust\u0103 asigur\u0103 durabilitate \u0219i u\u0219urin\u021b\u0103 \u00een utilizare. Dimensiuni: 15,7x39x62 cm.<\/p>\n","protected":false},"excerpt":{"rendered":"<p>Recipient din plastic transparent cu capac etan\u0219 \u0219i \u00eenchiz\u0103toare.<\/p>\n","protected":false},"featured_media":2776,"template":"","meta":[],"product_brand":[],"product_cat":[198,98,201],"product_tag":[],"class_list":{"0":"post-2775","1":"product","2":"type-product","3":"status-publish","4":"has-post-thumbnail","6":"product_cat-hranenie-i-organizatia-prostranstva","7":"product_cat-organizatia-i-poreadok-na-kuhne","8":"product_cat-konteineri-dlea-hranenia-pishi","10":"first","11":"instock","12":"shipping-taxable","13":"purchasable","14":"product-type-simple"},"_links":{"self":[{"href":"https:\/\/moi-dom.md\/ro\/wp-json\/wp\/v2\/product\/2775","targetHints":{"allow":["GET"]}}],"collection":[{"href":"https:\/\/moi-dom.md\/ro\/wp-json\/wp\/v2\/product"}],"about":[{"href":"https:\/\/moi-dom.md\/ro\/wp-json\/wp\/v2\/types\/product"}],"version-history":[{"count":1,"href":"https:\/\/moi-dom.md\/ro\/wp-json\/wp\/v2\/product\/2775\/revisions"}],"predecessor-version":[{"id":4093,"href":"https:\/\/moi-dom.md\/ro\/wp-json\/wp\/v2\/product\/2775\/revisions\/4093"}],"wp:featuredmedia":[{"embeddable":true,"href":"https:\/\/moi-dom.md\/ro\/wp-json\/wp\/v2\/media\/2776"}],"wp:attachment":[{"href":"https:\/\/moi-dom.md\/ro\/wp-json\/wp\/v2\/media?parent=2775"}],"wp:term":[{"taxonomy":"product_brand","embeddable":true,"href":"https:\/\/moi-dom.md\/ro\/wp-json\/wp\/v2\/product_brand?post=2775"},{"taxonomy":"product_cat","embeddable":true,"href":"https:\/\/moi-dom.md\/ro\/wp-json\/wp\/v2\/product_cat?post=2775"},{"taxonomy":"product_tag","embeddable":true,"href":"https:\/\/moi-dom.md\/ro\/wp-json\/wp\/v2\/product_tag?post=2775"}],"curies":[{"name":"wp","href":"https:\/\/api.w.org\/{rel}","templated":true}]}}