{"id":2772,"date":"2025-11-01T16:38:12","date_gmt":"2025-11-01T16:38:12","guid":{"rendered":"https:\/\/moi-dom.md\/product\/container-75-litri\/"},"modified":"2025-11-19T14:15:25","modified_gmt":"2025-11-19T14:15:25","slug":"container-75-litri","status":"publish","type":"product","link":"https:\/\/moi-dom.md\/ro\/produs\/container-75-litri\/","title":{"rendered":"Container 75 litri"},"content":{"rendered":"<p>Recipient de depozitare transparent spa\u021bios, fabricat din plastic rezistent. Echipat cu un capac sigur cu \u00eenchiz\u0103tori str\u00e2nse \u0219i ro\u021bi convenabile pentru transport u\u0219or. Ideal pentru depozitarea hainelor, juc\u0103riilor, textilelor \u0219i a altor articole acas\u0103 sau \u00een depozit. Pere\u021bii transparen\u021bi faciliteaz\u0103 vederea con\u021binutului, iar construc\u021bia robust\u0103 asigur\u0103 durabilitate \u0219i u\u0219urin\u021b\u0103 \u00een utilizare. Dimensiuni: 36,5 x 40 x 63 cm.    <\/p>\n","protected":false},"excerpt":{"rendered":"<p>Recipient din plastic transparent cu capac, \u00eenchiz\u0103toare \u0219i ro\u021bi.<\/p>\n","protected":false},"featured_media":2833,"template":"","meta":[],"product_brand":[],"product_cat":[198,98,201],"product_tag":[],"class_list":{"0":"post-2772","1":"product","2":"type-product","3":"status-publish","4":"has-post-thumbnail","6":"product_cat-hranenie-i-organizatia-prostranstva","7":"product_cat-organizatia-i-poreadok-na-kuhne","8":"product_cat-konteineri-dlea-hranenia-pishi","10":"first","11":"instock","12":"shipping-taxable","13":"purchasable","14":"product-type-simple"},"_links":{"self":[{"href":"https:\/\/moi-dom.md\/ro\/wp-json\/wp\/v2\/product\/2772","targetHints":{"allow":["GET"]}}],"collection":[{"href":"https:\/\/moi-dom.md\/ro\/wp-json\/wp\/v2\/product"}],"about":[{"href":"https:\/\/moi-dom.md\/ro\/wp-json\/wp\/v2\/types\/product"}],"version-history":[{"count":1,"href":"https:\/\/moi-dom.md\/ro\/wp-json\/wp\/v2\/product\/2772\/revisions"}],"predecessor-version":[{"id":4091,"href":"https:\/\/moi-dom.md\/ro\/wp-json\/wp\/v2\/product\/2772\/revisions\/4091"}],"wp:featuredmedia":[{"embeddable":true,"href":"https:\/\/moi-dom.md\/ro\/wp-json\/wp\/v2\/media\/2833"}],"wp:attachment":[{"href":"https:\/\/moi-dom.md\/ro\/wp-json\/wp\/v2\/media?parent=2772"}],"wp:term":[{"taxonomy":"product_brand","embeddable":true,"href":"https:\/\/moi-dom.md\/ro\/wp-json\/wp\/v2\/product_brand?post=2772"},{"taxonomy":"product_cat","embeddable":true,"href":"https:\/\/moi-dom.md\/ro\/wp-json\/wp\/v2\/product_cat?post=2772"},{"taxonomy":"product_tag","embeddable":true,"href":"https:\/\/moi-dom.md\/ro\/wp-json\/wp\/v2\/product_tag?post=2772"}],"curies":[{"name":"wp","href":"https:\/\/api.w.org\/{rel}","templated":true}]}}