{"id":2603,"date":"2025-11-01T16:38:13","date_gmt":"2025-11-01T16:38:13","guid":{"rendered":"https:\/\/moi-dom.md\/product\/recipient-rotund-1725-ml\/"},"modified":"2025-11-19T14:09:47","modified_gmt":"2025-11-19T14:09:47","slug":"recipient-rotund-1725-ml","status":"publish","type":"product","link":"https:\/\/moi-dom.md\/ro\/produs\/recipient-rotund-1725-ml\/","title":{"rendered":"Recipient rotund 1725 ml"},"content":{"rendered":"<p>Recipient rotund etan\u0219 din plastic rezistent, transparent, cu capac securizat cu sigiliu \u0219i \u00eenchiz\u0103toare din silicon. Ofer\u0103 o etan\u0219are complet\u0103, men\u021bin\u00e2nd alimentele proaspete \u0219i prevenind scurgerile. Ideal pentru depozitarea alimentelor, gust\u0103rilor sau resturilor. Dimensiunea compact\u0103 \u00eel face convenabil pentru utilizare acas\u0103, la birou sau pentru a fi transportat \u00een geant\u0103. Potrivit pentru frigider, cuptor cu microunde \u0219i ma\u0219in\u0103 de sp\u0103lat vase. Dimensiuni: 12,8&#215;12,8&#215;22,4cm.     <\/p>\n","protected":false},"excerpt":{"rendered":"<p>Recipient rotund cu capac etan\u0219 \u0219i \u00eenchiz\u0103toare.<\/p>\n","protected":false},"featured_media":2604,"template":"","meta":[],"product_brand":[],"product_cat":[106,202],"product_tag":[],"class_list":{"0":"post-2603","1":"product","2":"type-product","3":"status-publish","4":"has-post-thumbnail","6":"product_cat-organizare-si-ordine-in-bucatarie","7":"product_cat-recipiente-pentru-depozitarea-alimentelor","9":"first","10":"instock","11":"shipping-taxable","12":"purchasable","13":"product-type-simple"},"_links":{"self":[{"href":"https:\/\/moi-dom.md\/ro\/wp-json\/wp\/v2\/product\/2603","targetHints":{"allow":["GET"]}}],"collection":[{"href":"https:\/\/moi-dom.md\/ro\/wp-json\/wp\/v2\/product"}],"about":[{"href":"https:\/\/moi-dom.md\/ro\/wp-json\/wp\/v2\/types\/product"}],"version-history":[{"count":2,"href":"https:\/\/moi-dom.md\/ro\/wp-json\/wp\/v2\/product\/2603\/revisions"}],"predecessor-version":[{"id":5416,"href":"https:\/\/moi-dom.md\/ro\/wp-json\/wp\/v2\/product\/2603\/revisions\/5416"}],"wp:featuredmedia":[{"embeddable":true,"href":"https:\/\/moi-dom.md\/ro\/wp-json\/wp\/v2\/media\/2604"}],"wp:attachment":[{"href":"https:\/\/moi-dom.md\/ro\/wp-json\/wp\/v2\/media?parent=2603"}],"wp:term":[{"taxonomy":"product_brand","embeddable":true,"href":"https:\/\/moi-dom.md\/ro\/wp-json\/wp\/v2\/product_brand?post=2603"},{"taxonomy":"product_cat","embeddable":true,"href":"https:\/\/moi-dom.md\/ro\/wp-json\/wp\/v2\/product_cat?post=2603"},{"taxonomy":"product_tag","embeddable":true,"href":"https:\/\/moi-dom.md\/ro\/wp-json\/wp\/v2\/product_tag?post=2603"}],"curies":[{"name":"wp","href":"https:\/\/api.w.org\/{rel}","templated":true}]}}