{"id":2515,"date":"2025-11-01T16:38:16","date_gmt":"2025-11-01T16:38:16","guid":{"rendered":"https:\/\/moi-dom.md\/product\/recipient-dreptunghiular-400-ml\/"},"modified":"2025-11-19T14:07:35","modified_gmt":"2025-11-19T14:07:35","slug":"recipient-dreptunghiular-400-ml","status":"publish","type":"product","link":"https:\/\/moi-dom.md\/ro\/produs\/recipient-dreptunghiular-400-ml\/","title":{"rendered":"Recipient dreptunghiular 400 ml"},"content":{"rendered":"<p>Recipient ermetic dreptunghiular din plastic transparent, rezistent, cu capac securizat \u0219i sigiliu din silicon. Asigur\u0103 o etan\u0219are complet\u0103, prevenind scurgerile \u0219i men\u021bin\u00e2nd alimentele proaspete. Ideal pentru depozitarea m\u00e2nc\u0103rurilor gata preparate, fructelor, legumelor \u0219i gust\u0103rilor. Convenabil pentru utilizare acas\u0103, pe drum sau la serviciu. Poate fi folosit \u00een frigider, cuptor cu microunde \u0219i ma\u0219in\u0103 de sp\u0103lat vase. Dimensiune: 13.4&#215;9.9&#215;5.9cm.<\/p>\n","protected":false},"excerpt":{"rendered":"<p>Recipient dreptunghiular cu capac etan\u0219 \u0219i \u00eenchiz\u0103toare.<\/p>\n","protected":false},"featured_media":2516,"template":"","meta":[],"product_brand":[],"product_cat":[106,202],"product_tag":[],"class_list":{"0":"post-2515","1":"product","2":"type-product","3":"status-publish","4":"has-post-thumbnail","6":"product_cat-organizare-si-ordine-in-bucatarie","7":"product_cat-recipiente-pentru-depozitarea-alimentelor","9":"first","10":"instock","11":"shipping-taxable","12":"purchasable","13":"product-type-simple"},"_links":{"self":[{"href":"https:\/\/moi-dom.md\/ro\/wp-json\/wp\/v2\/product\/2515","targetHints":{"allow":["GET"]}}],"collection":[{"href":"https:\/\/moi-dom.md\/ro\/wp-json\/wp\/v2\/product"}],"about":[{"href":"https:\/\/moi-dom.md\/ro\/wp-json\/wp\/v2\/types\/product"}],"version-history":[{"count":1,"href":"https:\/\/moi-dom.md\/ro\/wp-json\/wp\/v2\/product\/2515\/revisions"}],"predecessor-version":[{"id":2682,"href":"https:\/\/moi-dom.md\/ro\/wp-json\/wp\/v2\/product\/2515\/revisions\/2682"}],"wp:featuredmedia":[{"embeddable":true,"href":"https:\/\/moi-dom.md\/ro\/wp-json\/wp\/v2\/media\/2516"}],"wp:attachment":[{"href":"https:\/\/moi-dom.md\/ro\/wp-json\/wp\/v2\/media?parent=2515"}],"wp:term":[{"taxonomy":"product_brand","embeddable":true,"href":"https:\/\/moi-dom.md\/ro\/wp-json\/wp\/v2\/product_brand?post=2515"},{"taxonomy":"product_cat","embeddable":true,"href":"https:\/\/moi-dom.md\/ro\/wp-json\/wp\/v2\/product_cat?post=2515"},{"taxonomy":"product_tag","embeddable":true,"href":"https:\/\/moi-dom.md\/ro\/wp-json\/wp\/v2\/product_tag?post=2515"}],"curies":[{"name":"wp","href":"https:\/\/api.w.org\/{rel}","templated":true}]}}