{"id":2494,"date":"2025-11-01T16:38:17","date_gmt":"2025-11-01T16:38:17","guid":{"rendered":"https:\/\/moi-dom.md\/product\/cutie-de-paine-cu-capac-2\/"},"modified":"2025-12-08T12:24:09","modified_gmt":"2025-12-08T12:24:09","slug":"cutie-de-paine-cu-capac-2","status":"publish","type":"product","link":"https:\/\/moi-dom.md\/ro\/produs\/cutie-de-paine-cu-capac-2\/","title":{"rendered":"Cutie de p\u00e2ine cu capac"},"content":{"rendered":"<p>Cutia elegant\u0103 pentru p\u00e2ine cu capac este o solu\u021bie elegant\u0103 \u0219i practic\u0103 pentru depozitarea p\u00e2inii \u0219i a produselor de patiserie. Carcasa este fabricat\u0103 din plastic durabil cu imita\u021bie de \u021bes\u0103tur\u0103, care confer\u0103 produsului un aspect confortabil \u0219i modern. Capacul translucid se deschide u\u0219or \u0219i protejeaz\u0103 alimentele de uscare \u0219i praf, men\u021bin\u00e2ndu-le proaspete pentru mai mult timp. Cutia de p\u00e2ine este u\u0219or de cur\u0103\u021bat \u0219i se va armoniza cu interiorul oric\u0103rei buc\u0103t\u0103rii. Dimensiuni: 27,5x19x42 cm.<\/p>\n","protected":false},"excerpt":{"rendered":"<p>Cutie de p\u00e2ine cu capac \u00een stil r\u0103chit\u0103.<\/p>\n","protected":false},"featured_media":5744,"template":"","meta":[],"product_brand":[],"product_cat":[98],"product_tag":[],"class_list":{"0":"post-2494","1":"product","2":"type-product","3":"status-publish","4":"has-post-thumbnail","6":"product_cat-organizatia-i-poreadok-na-kuhne","7":"pa_color-white","8":"pa_color-beige","10":"first","11":"instock","12":"shipping-taxable","13":"purchasable","14":"product-type-variable"},"_links":{"self":[{"href":"https:\/\/moi-dom.md\/ro\/wp-json\/wp\/v2\/product\/2494","targetHints":{"allow":["GET"]}}],"collection":[{"href":"https:\/\/moi-dom.md\/ro\/wp-json\/wp\/v2\/product"}],"about":[{"href":"https:\/\/moi-dom.md\/ro\/wp-json\/wp\/v2\/types\/product"}],"version-history":[{"count":1,"href":"https:\/\/moi-dom.md\/ro\/wp-json\/wp\/v2\/product\/2494\/revisions"}],"predecessor-version":[{"id":2696,"href":"https:\/\/moi-dom.md\/ro\/wp-json\/wp\/v2\/product\/2494\/revisions\/2696"}],"wp:featuredmedia":[{"embeddable":true,"href":"https:\/\/moi-dom.md\/ro\/wp-json\/wp\/v2\/media\/5744"}],"wp:attachment":[{"href":"https:\/\/moi-dom.md\/ro\/wp-json\/wp\/v2\/media?parent=2494"}],"wp:term":[{"taxonomy":"product_brand","embeddable":true,"href":"https:\/\/moi-dom.md\/ro\/wp-json\/wp\/v2\/product_brand?post=2494"},{"taxonomy":"product_cat","embeddable":true,"href":"https:\/\/moi-dom.md\/ro\/wp-json\/wp\/v2\/product_cat?post=2494"},{"taxonomy":"product_tag","embeddable":true,"href":"https:\/\/moi-dom.md\/ro\/wp-json\/wp\/v2\/product_tag?post=2494"}],"curies":[{"name":"wp","href":"https:\/\/api.w.org\/{rel}","templated":true}]}}