{"id":2449,"date":"2025-11-01T16:38:17","date_gmt":"2025-11-01T16:38:17","guid":{"rendered":"https:\/\/moi-dom.md\/product\/recipient-patrat-2700-ml\/"},"modified":"2025-11-19T14:01:11","modified_gmt":"2025-11-19T14:01:11","slug":"recipient-patrat-2700-ml","status":"publish","type":"product","link":"https:\/\/moi-dom.md\/ro\/produs\/recipient-patrat-2700-ml\/","title":{"rendered":"Recipient p\u0103trat 2700 ml"},"content":{"rendered":"<p>Recipient p\u0103trat la \u00eendem\u00e2n\u0103 din plastic transparent durabil, cu capac etan\u0219 \u0219i sigiliu din silicon. Potrivit pentru depozitarea \u00een siguran\u021b\u0103 a alimentelor, previne v\u0103rsarea \u0219i men\u021bine prospe\u021bimea. Ideal pentru depozitarea legumelor, gust\u0103rilor \u0219i m\u00e2nc\u0103rurilor gata preparate.   Poate fi folosit \u00een frigider, cuptor cu microunde \u0219i ma\u0219in\u0103 de sp\u0103lat vase. Dimensiuni: 22,3&#215;22,3&#215;9,6 cm.<\/p>\n","protected":false},"excerpt":{"rendered":"<p>Recipient p\u0103trat etan\u0219 cu capac cu clipsare.<\/p>\n","protected":false},"featured_media":2450,"template":"","meta":[],"product_brand":[],"product_cat":[106,202],"product_tag":[],"class_list":{"0":"post-2449","1":"product","2":"type-product","3":"status-publish","4":"has-post-thumbnail","6":"product_cat-organizare-si-ordine-in-bucatarie","7":"product_cat-recipiente-pentru-depozitarea-alimentelor","9":"first","10":"instock","11":"shipping-taxable","12":"purchasable","13":"product-type-simple"},"_links":{"self":[{"href":"https:\/\/moi-dom.md\/ro\/wp-json\/wp\/v2\/product\/2449","targetHints":{"allow":["GET"]}}],"collection":[{"href":"https:\/\/moi-dom.md\/ro\/wp-json\/wp\/v2\/product"}],"about":[{"href":"https:\/\/moi-dom.md\/ro\/wp-json\/wp\/v2\/types\/product"}],"version-history":[{"count":1,"href":"https:\/\/moi-dom.md\/ro\/wp-json\/wp\/v2\/product\/2449\/revisions"}],"predecessor-version":[{"id":2707,"href":"https:\/\/moi-dom.md\/ro\/wp-json\/wp\/v2\/product\/2449\/revisions\/2707"}],"wp:featuredmedia":[{"embeddable":true,"href":"https:\/\/moi-dom.md\/ro\/wp-json\/wp\/v2\/media\/2450"}],"wp:attachment":[{"href":"https:\/\/moi-dom.md\/ro\/wp-json\/wp\/v2\/media?parent=2449"}],"wp:term":[{"taxonomy":"product_brand","embeddable":true,"href":"https:\/\/moi-dom.md\/ro\/wp-json\/wp\/v2\/product_brand?post=2449"},{"taxonomy":"product_cat","embeddable":true,"href":"https:\/\/moi-dom.md\/ro\/wp-json\/wp\/v2\/product_cat?post=2449"},{"taxonomy":"product_tag","embeddable":true,"href":"https:\/\/moi-dom.md\/ro\/wp-json\/wp\/v2\/product_tag?post=2449"}],"curies":[{"name":"wp","href":"https:\/\/api.w.org\/{rel}","templated":true}]}}