{"id":2184,"date":"2025-11-01T16:38:17","date_gmt":"2025-11-01T16:38:17","guid":{"rendered":"https:\/\/moi-dom.md\/product\/cutie-de-paine-cu-capac\/"},"modified":"2025-11-24T17:39:17","modified_gmt":"2025-11-24T17:39:17","slug":"cutie-de-paine-cu-capac","status":"publish","type":"product","link":"https:\/\/moi-dom.md\/ro\/produs\/cutie-de-paine-cu-capac\/","title":{"rendered":"Cutie de p\u00e2ine cu capac"},"content":{"rendered":"<p>Cutia de p\u00e2ine elegant\u0103 cu capac este o solu\u021bie elegant\u0103 \u0219i practic\u0103 pentru depozitarea p\u00e2inii \u0219i a produselor de patiserie. Corpul este fabricat din plastic durabil cu imita\u021bie de \u00eempletitur\u0103, care confer\u0103 produsului un aspect confortabil \u0219i modern. Capacul translucid se deschide u\u0219or \u0219i protejeaz\u0103 alimentele de uscare \u0219i praf, men\u021bin\u00e2ndu-le proaspete pentru mai mult timp. Cutia de p\u00e2ine este u\u0219or de cur\u0103\u021bat \u0219i se va armoniza cu interiorul oric\u0103rei buc\u0103t\u0103rii. Dimensiuni: 19x28x43,5 cm.    <\/p>\n","protected":false},"excerpt":{"rendered":"<p>Cutie de p\u00e2ine cu capac \u00een stil r\u0103chit\u0103.<\/p>\n","protected":false},"featured_media":5755,"template":"","meta":[],"product_brand":[],"product_cat":[106],"product_tag":[],"class_list":{"0":"post-2184","1":"product","2":"type-product","3":"status-publish","4":"has-post-thumbnail","6":"product_cat-organizare-si-ordine-in-bucatarie","7":"pa_color-white","8":"pa_color-beige","9":"pa_color-grey","11":"first","12":"instock","13":"shipping-taxable","14":"purchasable","15":"product-type-variable"},"_links":{"self":[{"href":"https:\/\/moi-dom.md\/ro\/wp-json\/wp\/v2\/product\/2184","targetHints":{"allow":["GET"]}}],"collection":[{"href":"https:\/\/moi-dom.md\/ro\/wp-json\/wp\/v2\/product"}],"about":[{"href":"https:\/\/moi-dom.md\/ro\/wp-json\/wp\/v2\/types\/product"}],"version-history":[{"count":2,"href":"https:\/\/moi-dom.md\/ro\/wp-json\/wp\/v2\/product\/2184\/revisions"}],"predecessor-version":[{"id":5756,"href":"https:\/\/moi-dom.md\/ro\/wp-json\/wp\/v2\/product\/2184\/revisions\/5756"}],"wp:featuredmedia":[{"embeddable":true,"href":"https:\/\/moi-dom.md\/ro\/wp-json\/wp\/v2\/media\/5755"}],"wp:attachment":[{"href":"https:\/\/moi-dom.md\/ro\/wp-json\/wp\/v2\/media?parent=2184"}],"wp:term":[{"taxonomy":"product_brand","embeddable":true,"href":"https:\/\/moi-dom.md\/ro\/wp-json\/wp\/v2\/product_brand?post=2184"},{"taxonomy":"product_cat","embeddable":true,"href":"https:\/\/moi-dom.md\/ro\/wp-json\/wp\/v2\/product_cat?post=2184"},{"taxonomy":"product_tag","embeddable":true,"href":"https:\/\/moi-dom.md\/ro\/wp-json\/wp\/v2\/product_tag?post=2184"}],"curies":[{"name":"wp","href":"https:\/\/api.w.org\/{rel}","templated":true}]}}