{"id":11172,"date":"2026-03-09T14:58:47","date_gmt":"2026-03-09T11:58:47","guid":{"rendered":"https:\/\/moi-dom.md\/product\/carafa-rombus-grey\/"},"modified":"2026-03-09T14:58:47","modified_gmt":"2026-03-09T11:58:47","slug":"carafa-rombus-grey","status":"publish","type":"product","link":"https:\/\/moi-dom.md\/ro\/produs\/carafa-rombus-grey\/","title":{"rendered":"Caraf\u0103 Rombus Grey"},"content":{"rendered":"<p class=\"p1\">Carafa Rombus Grey este un accesoriu elegant pentru servirea b\u0103uturilor. Textura decorativ\u0103 cu model romboidal \u0219i nuan\u021ba gri ofer\u0103 un aspect modern \u0219i rafinat. Realizat\u0103 din sticl\u0103 rezistent\u0103, carafa este prev\u0103zut\u0103 cu m\u00e2ner ergonomic \u0219i cioc pentru turnare u\u0219oar\u0103. Este ideal\u0103 pentru servirea apei, limonadei, sucurilor sau altor b\u0103uturi reci. Designul s\u0103u elegant se potrive\u0219te perfect cu paharele din aceea\u0219i colec\u021bie Rombus \u0219i completeaz\u0103 frumos aranjarea mesei.    <\/p>\n","protected":false},"excerpt":{"rendered":"<p class=\"p1\">Caraf\u0103 din sticl\u0103 Rombus Grey pentru ap\u0103 \u0219i b\u0103uturi.<\/p>\n","protected":false},"featured_media":11169,"template":"","meta":[],"product_brand":[],"product_cat":[890,248],"product_tag":[],"class_list":{"0":"post-11172","1":"product","2":"type-product","3":"status-publish","4":"has-post-thumbnail","6":"product_cat-bar-si-sticla","7":"product_cat-vesela","8":"pa_brand-tognana","9":"pa_material-sticla","10":"pa_size-o14x20-cm","11":"pa_uhod-posudomoechnaya-mashina","12":"pa_volume-1200-ml","14":"first","15":"instock","16":"shipping-taxable","17":"purchasable","18":"product-type-simple"},"_links":{"self":[{"href":"https:\/\/moi-dom.md\/ro\/wp-json\/wp\/v2\/product\/11172","targetHints":{"allow":["GET"]}}],"collection":[{"href":"https:\/\/moi-dom.md\/ro\/wp-json\/wp\/v2\/product"}],"about":[{"href":"https:\/\/moi-dom.md\/ro\/wp-json\/wp\/v2\/types\/product"}],"version-history":[{"count":0,"href":"https:\/\/moi-dom.md\/ro\/wp-json\/wp\/v2\/product\/11172\/revisions"}],"wp:featuredmedia":[{"embeddable":true,"href":"https:\/\/moi-dom.md\/ro\/wp-json\/wp\/v2\/media\/11169"}],"wp:attachment":[{"href":"https:\/\/moi-dom.md\/ro\/wp-json\/wp\/v2\/media?parent=11172"}],"wp:term":[{"taxonomy":"product_brand","embeddable":true,"href":"https:\/\/moi-dom.md\/ro\/wp-json\/wp\/v2\/product_brand?post=11172"},{"taxonomy":"product_cat","embeddable":true,"href":"https:\/\/moi-dom.md\/ro\/wp-json\/wp\/v2\/product_cat?post=11172"},{"taxonomy":"product_tag","embeddable":true,"href":"https:\/\/moi-dom.md\/ro\/wp-json\/wp\/v2\/product_tag?post=11172"}],"curies":[{"name":"wp","href":"https:\/\/api.w.org\/{rel}","templated":true}]}}