{"id":11167,"date":"2026-03-09T14:49:48","date_gmt":"2026-03-09T11:49:48","guid":{"rendered":"https:\/\/moi-dom.md\/product\/set-pahare-rombus-grey\/"},"modified":"2026-03-09T14:49:48","modified_gmt":"2026-03-09T11:49:48","slug":"set-pahare-rombus-grey","status":"publish","type":"product","link":"https:\/\/moi-dom.md\/ro\/produs\/set-pahare-rombus-grey\/","title":{"rendered":"Set pahare Rombus Grey"},"content":{"rendered":"<p class=\"p1\">Setul de pahare Rombus Grey este o alegere elegant\u0103 pentru servirea b\u0103uturilor. Paharele sunt realizate din sticl\u0103 de culoare gri cu textur\u0103 decorativ\u0103 \u00een relief, care reflect\u0103 frumos lumina \u0219i ofer\u0103 un aspect modern mesei. Capacitatea de 320 ml le face potrivite pentru ap\u0103, vin, cocktailuri sau alte b\u0103uturi r\u0103coritoare. Forma ergonomic\u0103 \u0219i baza stabil\u0103 asigur\u0103 confort \u00een utilizare. Setul con\u021bine 3 pahare \u0219i este ideal at\u00e2t pentru utilizarea zilnic\u0103, c\u00e2t \u0219i pentru mesele festive. Designul modern se combin\u0103 u\u0219or cu alte piese de vesel\u0103.     <\/p>\n","protected":false},"excerpt":{"rendered":"<p class=\"p1\">Set 3 pahare din sticl\u0103 Rombus Grey 320 ml pentru ap\u0103, vin \u0219i b\u0103uturi. <\/p>\n","protected":false},"featured_media":11164,"template":"","meta":[],"product_brand":[],"product_cat":[890,248],"product_tag":[],"class_list":{"0":"post-11167","1":"product","2":"type-product","3":"status-publish","4":"has-post-thumbnail","6":"product_cat-bar-si-sticla","7":"product_cat-vesela","8":"pa_brand-tognana","9":"pa_material-sticla","10":"pa_uhod-se-poate-spala-in-masina-de-spalat-vase","11":"pa_volume-320-ml","13":"first","14":"instock","15":"shipping-taxable","16":"purchasable","17":"product-type-simple"},"_links":{"self":[{"href":"https:\/\/moi-dom.md\/ro\/wp-json\/wp\/v2\/product\/11167","targetHints":{"allow":["GET"]}}],"collection":[{"href":"https:\/\/moi-dom.md\/ro\/wp-json\/wp\/v2\/product"}],"about":[{"href":"https:\/\/moi-dom.md\/ro\/wp-json\/wp\/v2\/types\/product"}],"version-history":[{"count":0,"href":"https:\/\/moi-dom.md\/ro\/wp-json\/wp\/v2\/product\/11167\/revisions"}],"wp:featuredmedia":[{"embeddable":true,"href":"https:\/\/moi-dom.md\/ro\/wp-json\/wp\/v2\/media\/11164"}],"wp:attachment":[{"href":"https:\/\/moi-dom.md\/ro\/wp-json\/wp\/v2\/media?parent=11167"}],"wp:term":[{"taxonomy":"product_brand","embeddable":true,"href":"https:\/\/moi-dom.md\/ro\/wp-json\/wp\/v2\/product_brand?post=11167"},{"taxonomy":"product_cat","embeddable":true,"href":"https:\/\/moi-dom.md\/ro\/wp-json\/wp\/v2\/product_cat?post=11167"},{"taxonomy":"product_tag","embeddable":true,"href":"https:\/\/moi-dom.md\/ro\/wp-json\/wp\/v2\/product_tag?post=11167"}],"curies":[{"name":"wp","href":"https:\/\/api.w.org\/{rel}","templated":true}]}}