{"id":11162,"date":"2026-03-09T14:30:30","date_gmt":"2026-03-09T11:30:30","guid":{"rendered":"https:\/\/moi-dom.md\/product\/bol-pentru-salata-lace-poema\/"},"modified":"2026-03-09T14:30:30","modified_gmt":"2026-03-09T11:30:30","slug":"bol-pentru-salata-lace-poema","status":"publish","type":"product","link":"https:\/\/moi-dom.md\/ro\/produs\/bol-pentru-salata-lace-poema\/","title":{"rendered":"Bol pentru salat\u0103 Lace Poema"},"content":{"rendered":"<p class=\"p1\">Bol pentru salat\u0103 Lace Poema este o pies\u0103 elegant\u0103 pentru servirea salatelor, fructelor sau altor preparate. Marginea decorativ\u0103 cu model delicat inspirat din dantel\u0103 ofer\u0103 un aspect rafinat \u0219i elegant. Realizat din por\u021belan de calitate, bolul este rezistent \u0219i potrivit pentru utilizare zilnic\u0103. Culoarea alb\u0103 clasic\u0103 \u00eel face u\u0219or de combinat cu alte piese de vesel\u0103. Diametrul de 23 cm este ideal pentru servirea salatelor, garniturilor sau fructelor at\u00e2t la mesele de zi cu zi, c\u00e2t \u0219i la ocazii speciale.    <\/p>\n","protected":false},"excerpt":{"rendered":"<p class=\"p1\">Bol pentru salat\u0103 Lace Poema pentru servirea salatelor \u0219i fructelor.<\/p>\n","protected":false},"featured_media":11159,"template":"","meta":[],"product_brand":[],"product_cat":[239,887],"product_tag":[],"class_list":{"0":"post-11162","1":"product","2":"type-product","3":"status-publish","4":"has-post-thumbnail","6":"product_cat-posyda","7":"product_cat-dlya-podachi","8":"pa_brand-andrea-fontebasso","9":"pa_material-595","10":"pa_size-o23-","11":"pa_uhod-869","12":"pa_uhod-posudomoechnaya-mashina","14":"first","15":"instock","16":"shipping-taxable","17":"purchasable","18":"product-type-simple"},"_links":{"self":[{"href":"https:\/\/moi-dom.md\/ro\/wp-json\/wp\/v2\/product\/11162","targetHints":{"allow":["GET"]}}],"collection":[{"href":"https:\/\/moi-dom.md\/ro\/wp-json\/wp\/v2\/product"}],"about":[{"href":"https:\/\/moi-dom.md\/ro\/wp-json\/wp\/v2\/types\/product"}],"version-history":[{"count":0,"href":"https:\/\/moi-dom.md\/ro\/wp-json\/wp\/v2\/product\/11162\/revisions"}],"wp:featuredmedia":[{"embeddable":true,"href":"https:\/\/moi-dom.md\/ro\/wp-json\/wp\/v2\/media\/11159"}],"wp:attachment":[{"href":"https:\/\/moi-dom.md\/ro\/wp-json\/wp\/v2\/media?parent=11162"}],"wp:term":[{"taxonomy":"product_brand","embeddable":true,"href":"https:\/\/moi-dom.md\/ro\/wp-json\/wp\/v2\/product_brand?post=11162"},{"taxonomy":"product_cat","embeddable":true,"href":"https:\/\/moi-dom.md\/ro\/wp-json\/wp\/v2\/product_cat?post=11162"},{"taxonomy":"product_tag","embeddable":true,"href":"https:\/\/moi-dom.md\/ro\/wp-json\/wp\/v2\/product_tag?post=11162"}],"curies":[{"name":"wp","href":"https:\/\/api.w.org\/{rel}","templated":true}]}}