{"id":11157,"date":"2026-03-09T13:34:09","date_gmt":"2026-03-09T10:34:09","guid":{"rendered":"https:\/\/moi-dom.md\/product\/platou-dreptunghiular-lace-poema\/"},"modified":"2026-03-09T13:34:09","modified_gmt":"2026-03-09T10:34:09","slug":"platou-dreptunghiular-lace-poema","status":"publish","type":"product","link":"https:\/\/moi-dom.md\/ro\/produs\/platou-dreptunghiular-lace-poema\/","title":{"rendered":"Platou dreptunghiular Lace Poema"},"content":{"rendered":"<p class=\"p1\">Platou dreptunghiular Lace Poema \u2014 este o pies\u0103 elegant\u0103 pentru servirea mesei. Marginea decorativ\u0103 cu model delicat inspirat din dantel\u0103 ofer\u0103 un aspect rafinat \u0219i sofisticat. Realizat din por\u021belan de calitate, platoul este rezistent \u0219i potrivit pentru utilizare zilnic\u0103. Este ideal pentru servirea aperitivelor, deserturilor, pr\u0103jiturilor sau a altor preparate. Culoarea alb\u0103 clasic\u0103 \u00eel face u\u0219or de combinat cu alte piese de vesel\u0103 \u0219i accesorii de mas\u0103. Platoul este perfect at\u00e2t pentru mesele de zi cu zi, c\u00e2t \u0219i pentru ocazii speciale.     <\/p>\n","protected":false},"excerpt":{"rendered":"<p class=\"p1\">Platou dreptunghiular Lace Poema pentru servirea aperitivelor \u0219i deserturilor.<\/p>\n","protected":false},"featured_media":11154,"template":"","meta":[],"product_brand":[],"product_cat":[239,887],"product_tag":[],"class_list":{"0":"post-11157","1":"product","2":"type-product","3":"status-publish","4":"has-post-thumbnail","6":"product_cat-posyda","7":"product_cat-dlya-podachi","8":"pa_brand-andrea-fontebasso","9":"pa_material-595","10":"pa_size-36x24-","11":"pa_uhod-869","12":"pa_uhod-posudomoechnaya-mashina","14":"first","15":"instock","16":"shipping-taxable","17":"purchasable","18":"product-type-simple"},"_links":{"self":[{"href":"https:\/\/moi-dom.md\/ro\/wp-json\/wp\/v2\/product\/11157","targetHints":{"allow":["GET"]}}],"collection":[{"href":"https:\/\/moi-dom.md\/ro\/wp-json\/wp\/v2\/product"}],"about":[{"href":"https:\/\/moi-dom.md\/ro\/wp-json\/wp\/v2\/types\/product"}],"version-history":[{"count":0,"href":"https:\/\/moi-dom.md\/ro\/wp-json\/wp\/v2\/product\/11157\/revisions"}],"wp:featuredmedia":[{"embeddable":true,"href":"https:\/\/moi-dom.md\/ro\/wp-json\/wp\/v2\/media\/11154"}],"wp:attachment":[{"href":"https:\/\/moi-dom.md\/ro\/wp-json\/wp\/v2\/media?parent=11157"}],"wp:term":[{"taxonomy":"product_brand","embeddable":true,"href":"https:\/\/moi-dom.md\/ro\/wp-json\/wp\/v2\/product_brand?post=11157"},{"taxonomy":"product_cat","embeddable":true,"href":"https:\/\/moi-dom.md\/ro\/wp-json\/wp\/v2\/product_cat?post=11157"},{"taxonomy":"product_tag","embeddable":true,"href":"https:\/\/moi-dom.md\/ro\/wp-json\/wp\/v2\/product_tag?post=11157"}],"curies":[{"name":"wp","href":"https:\/\/api.w.org\/{rel}","templated":true}]}}