{"id":11152,"date":"2026-03-09T13:10:19","date_gmt":"2026-03-09T10:10:19","guid":{"rendered":"https:\/\/moi-dom.md\/product\/set-de-masa-pentru-6-persoane-18-piese-sterlizia-moon\/"},"modified":"2026-03-09T13:10:19","modified_gmt":"2026-03-09T10:10:19","slug":"set-de-masa-pentru-6-persoane-18-piese-sterlizia-moon","status":"publish","type":"product","link":"https:\/\/moi-dom.md\/ro\/produs\/set-de-masa-pentru-6-persoane-18-piese-sterlizia-moon\/","title":{"rendered":"Set de mas\u0103 pentru 6 persoane, 18 piese Sterlizia Moon"},"content":{"rendered":"<p class=\"p1\">Serviciul de mas\u0103 Sterlizia din colec\u021bia Moon aduce culoare \u0219i elegan\u021b\u0103 \u00een aranjarea mesei. Decorul floral exotic \u00een nuan\u021be intense de ro\u0219u \u0219i verde transform\u0103 fiecare mas\u0103 \u00eentr-un moment special. Realizat din por\u021belan de calitate, setul este rezistent \u0219i potrivit pentru utilizare zilnic\u0103. Suprafa\u021ba neted\u0103 \u0219i designul modern \u00eel fac ideal at\u00e2t pentru mesele de zi cu zi, c\u00e2t \u0219i pentru ocazii speciale.<br \/>Setul este conceput pentru 6 persoane \u0219i include farfuriile esen\u021biale pentru servirea mesei.     <\/p>\n","protected":false},"excerpt":{"rendered":"<p class=\"p1\">Serviciu de mas\u0103 din por\u021belan Sterlizia Moon pentru 6 persoane, cu decor floral exotic. <\/p>\n","protected":false},"featured_media":11149,"template":"","meta":[],"product_brand":[],"product_cat":[248,868],"product_tag":[],"class_list":{"0":"post-11152","1":"product","2":"type-product","3":"status-publish","4":"has-post-thumbnail","6":"product_cat-vesela","7":"product_cat-vesela-pentru-masa","8":"pa_brand-andrea-fontebasso","9":"pa_material-portelan","10":"pa_size-o19-cm","11":"pa_size-o20-cm","12":"pa_size-o27-cm","13":"pa_uhod-potrivit-pentru-utilizare-in-microunde","14":"pa_uhod-se-poate-spala-in-masina-de-spalat-vase","16":"first","17":"instock","18":"shipping-taxable","19":"purchasable","20":"product-type-simple"},"_links":{"self":[{"href":"https:\/\/moi-dom.md\/ro\/wp-json\/wp\/v2\/product\/11152","targetHints":{"allow":["GET"]}}],"collection":[{"href":"https:\/\/moi-dom.md\/ro\/wp-json\/wp\/v2\/product"}],"about":[{"href":"https:\/\/moi-dom.md\/ro\/wp-json\/wp\/v2\/types\/product"}],"version-history":[{"count":0,"href":"https:\/\/moi-dom.md\/ro\/wp-json\/wp\/v2\/product\/11152\/revisions"}],"wp:featuredmedia":[{"embeddable":true,"href":"https:\/\/moi-dom.md\/ro\/wp-json\/wp\/v2\/media\/11149"}],"wp:attachment":[{"href":"https:\/\/moi-dom.md\/ro\/wp-json\/wp\/v2\/media?parent=11152"}],"wp:term":[{"taxonomy":"product_brand","embeddable":true,"href":"https:\/\/moi-dom.md\/ro\/wp-json\/wp\/v2\/product_brand?post=11152"},{"taxonomy":"product_cat","embeddable":true,"href":"https:\/\/moi-dom.md\/ro\/wp-json\/wp\/v2\/product_cat?post=11152"},{"taxonomy":"product_tag","embeddable":true,"href":"https:\/\/moi-dom.md\/ro\/wp-json\/wp\/v2\/product_tag?post=11152"}],"curies":[{"name":"wp","href":"https:\/\/api.w.org\/{rel}","templated":true}]}}