{"id":11122,"date":"2026-02-26T14:10:20","date_gmt":"2026-02-26T11:10:20","guid":{"rendered":"https:\/\/moi-dom.md\/product\/decupator-pentru-aluat-rotund-mythos\/"},"modified":"2026-02-26T14:10:20","modified_gmt":"2026-02-26T11:10:20","slug":"decupator-pentru-aluat-rotund-mythos","status":"publish","type":"product","link":"https:\/\/moi-dom.md\/ro\/produs\/decupator-pentru-aluat-rotund-mythos\/","title":{"rendered":"Decupator pentru aluat rotund Mythos"},"content":{"rendered":"<p class=\"p1\">Decupatorul pentru aluat Mythos este ideal pentru t\u0103ierea cercurilor de 45 mm din aluat. Potrivit pentru ravioli, biscui\u021bi, tarte \u0219i alte preparate de patiserie. Partea de lucru este realizat\u0103 din o\u021bel inoxidabil rezistent la coroziune. M\u00e2nerul ergonomic cu finisaj soft-touch ofer\u0103 confort \u0219i control \u00een utilizare.<br \/>Un instrument practic pentru buc\u0103t\u0103rie, at\u00e2t acas\u0103 c\u00e2t \u0219i profesional.    <\/p>\n","protected":false},"excerpt":{"rendered":"<p class=\"p1\">Decupator din o\u021bel inoxidabil, diametru 45 mm, pentru aluat \u0219i biscui\u021bi.<\/p>\n","protected":false},"featured_media":11119,"template":"","meta":[],"product_brand":[],"product_cat":[785,1123],"product_tag":[],"class_list":{"0":"post-11122","1":"product","2":"type-product","3":"status-publish","4":"has-post-thumbnail","6":"product_cat-posuda-dlya-prigotovleniya","7":"product_cat-kuhonnye-prinadlezhnosti","8":"pa_brand-tognana","9":"pa_material-1120","10":"pa_material-pp-","11":"pa_size-45-","13":"first","14":"instock","15":"shipping-taxable","16":"purchasable","17":"product-type-simple"},"_links":{"self":[{"href":"https:\/\/moi-dom.md\/ro\/wp-json\/wp\/v2\/product\/11122","targetHints":{"allow":["GET"]}}],"collection":[{"href":"https:\/\/moi-dom.md\/ro\/wp-json\/wp\/v2\/product"}],"about":[{"href":"https:\/\/moi-dom.md\/ro\/wp-json\/wp\/v2\/types\/product"}],"version-history":[{"count":0,"href":"https:\/\/moi-dom.md\/ro\/wp-json\/wp\/v2\/product\/11122\/revisions"}],"wp:featuredmedia":[{"embeddable":true,"href":"https:\/\/moi-dom.md\/ro\/wp-json\/wp\/v2\/media\/11119"}],"wp:attachment":[{"href":"https:\/\/moi-dom.md\/ro\/wp-json\/wp\/v2\/media?parent=11122"}],"wp:term":[{"taxonomy":"product_brand","embeddable":true,"href":"https:\/\/moi-dom.md\/ro\/wp-json\/wp\/v2\/product_brand?post=11122"},{"taxonomy":"product_cat","embeddable":true,"href":"https:\/\/moi-dom.md\/ro\/wp-json\/wp\/v2\/product_cat?post=11122"},{"taxonomy":"product_tag","embeddable":true,"href":"https:\/\/moi-dom.md\/ro\/wp-json\/wp\/v2\/product_tag?post=11122"}],"curies":[{"name":"wp","href":"https:\/\/api.w.org\/{rel}","templated":true}]}}