{"id":11117,"date":"2026-02-26T14:04:14","date_gmt":"2026-02-26T11:04:14","guid":{"rendered":"https:\/\/moi-dom.md\/product\/plasa-anti-stropire-mythos\/"},"modified":"2026-02-26T14:04:14","modified_gmt":"2026-02-26T11:04:14","slug":"plasa-anti-stropire-mythos","status":"publish","type":"product","link":"https:\/\/moi-dom.md\/ro\/produs\/plasa-anti-stropire-mythos\/","title":{"rendered":"Plas\u0103 anti-stropire Mythos"},"content":{"rendered":"<p class=\"p1\">Plasa anti-stropire Mythos protejeaz\u0103 buc\u0103t\u0103ria de stropii de ulei \u00een timpul pr\u0103jirii. Se a\u0219az\u0103 deasupra tig\u0103ii \u0219i permite circula\u021bia aerului, prevenind acumularea aburului. Fabricat\u0103 din o\u021bel inoxidabil rezistent la temperaturi ridicate \u0219i coroziune. M\u00e2nerul ofer\u0103 utilizare sigur\u0103 \u0219i control \u00een timpul g\u0103titului. Un accesoriu practic pentru o buc\u0103t\u0103rie curat\u0103.    <\/p>\n","protected":false},"excerpt":{"rendered":"<p class=\"p1\">Plas\u0103 din o\u021bel inoxidabil pentru protec\u021bie \u00eempotriva stropilor la pr\u0103jire.<\/p>\n","protected":false},"featured_media":11114,"template":"","meta":[],"product_brand":[],"product_cat":[785,1123],"product_tag":[],"class_list":{"0":"post-11117","1":"product","2":"type-product","3":"status-publish","4":"has-post-thumbnail","6":"product_cat-posuda-dlya-prigotovleniya","7":"product_cat-kuhonnye-prinadlezhnosti","8":"pa_brand-tognana","9":"pa_material-1120","10":"pa_size-29-","11":"pa_uhod-posudomoechnaya-mashina","13":"first","14":"instock","15":"shipping-taxable","16":"purchasable","17":"product-type-simple"},"_links":{"self":[{"href":"https:\/\/moi-dom.md\/ro\/wp-json\/wp\/v2\/product\/11117","targetHints":{"allow":["GET"]}}],"collection":[{"href":"https:\/\/moi-dom.md\/ro\/wp-json\/wp\/v2\/product"}],"about":[{"href":"https:\/\/moi-dom.md\/ro\/wp-json\/wp\/v2\/types\/product"}],"version-history":[{"count":0,"href":"https:\/\/moi-dom.md\/ro\/wp-json\/wp\/v2\/product\/11117\/revisions"}],"wp:featuredmedia":[{"embeddable":true,"href":"https:\/\/moi-dom.md\/ro\/wp-json\/wp\/v2\/media\/11114"}],"wp:attachment":[{"href":"https:\/\/moi-dom.md\/ro\/wp-json\/wp\/v2\/media?parent=11117"}],"wp:term":[{"taxonomy":"product_brand","embeddable":true,"href":"https:\/\/moi-dom.md\/ro\/wp-json\/wp\/v2\/product_brand?post=11117"},{"taxonomy":"product_cat","embeddable":true,"href":"https:\/\/moi-dom.md\/ro\/wp-json\/wp\/v2\/product_cat?post=11117"},{"taxonomy":"product_tag","embeddable":true,"href":"https:\/\/moi-dom.md\/ro\/wp-json\/wp\/v2\/product_tag?post=11117"}],"curies":[{"name":"wp","href":"https:\/\/api.w.org\/{rel}","templated":true}]}}