{"id":11107,"date":"2026-02-26T13:53:02","date_gmt":"2026-02-26T10:53:02","guid":{"rendered":"https:\/\/moi-dom.md\/product\/sita-de-bucatarie-mythos\/"},"modified":"2026-02-26T13:53:02","modified_gmt":"2026-02-26T10:53:02","slug":"sita-de-bucatarie-mythos","status":"publish","type":"product","link":"https:\/\/moi-dom.md\/ro\/produs\/sita-de-bucatarie-mythos\/","title":{"rendered":"Sit\u0103 de buc\u0103t\u0103rie Mythos"},"content":{"rendered":"<p class=\"p1\">Sita de buc\u0103t\u0103rie Mythos este ideal\u0103 pentru strecurarea lichidelor \u0219i filtrarea ingredientelor. Potrivit\u0103 pentru ceai, supe, sosuri, compoturi \u0219i alte preparate unde este important\u0103 o textur\u0103 fin\u0103. Realizat\u0103 din o\u021bel inoxidabil, este rezistent\u0103 la coroziune \u0219i u\u0219or de cur\u0103\u021bat. M\u00e2nerul ergonomic cu finisaj soft-touch ofer\u0103 confort \u0219i control \u00een utilizare. Un accesoriu practic pentru buc\u0103t\u0103ria de zi cu zi.    <\/p>\n","protected":false},"excerpt":{"rendered":"<p class=\"p1\">Sit\u0103 din o\u021bel inoxidabil cu m\u00e2ner ergonomic pentru strecurare \u0219i filtrare.<\/p>\n","protected":false},"featured_media":11104,"template":"","meta":[],"product_brand":[],"product_cat":[785,1123],"product_tag":[],"class_list":{"0":"post-11107","1":"product","2":"type-product","3":"status-publish","4":"has-post-thumbnail","6":"product_cat-posuda-dlya-prigotovleniya","7":"product_cat-kuhonnye-prinadlezhnosti","8":"pa_brand-tognana","9":"pa_material-1120","10":"pa_material-pp-","11":"pa_size-150-","13":"first","14":"instock","15":"shipping-taxable","16":"purchasable","17":"product-type-simple"},"_links":{"self":[{"href":"https:\/\/moi-dom.md\/ro\/wp-json\/wp\/v2\/product\/11107","targetHints":{"allow":["GET"]}}],"collection":[{"href":"https:\/\/moi-dom.md\/ro\/wp-json\/wp\/v2\/product"}],"about":[{"href":"https:\/\/moi-dom.md\/ro\/wp-json\/wp\/v2\/types\/product"}],"version-history":[{"count":0,"href":"https:\/\/moi-dom.md\/ro\/wp-json\/wp\/v2\/product\/11107\/revisions"}],"wp:featuredmedia":[{"embeddable":true,"href":"https:\/\/moi-dom.md\/ro\/wp-json\/wp\/v2\/media\/11104"}],"wp:attachment":[{"href":"https:\/\/moi-dom.md\/ro\/wp-json\/wp\/v2\/media?parent=11107"}],"wp:term":[{"taxonomy":"product_brand","embeddable":true,"href":"https:\/\/moi-dom.md\/ro\/wp-json\/wp\/v2\/product_brand?post=11107"},{"taxonomy":"product_cat","embeddable":true,"href":"https:\/\/moi-dom.md\/ro\/wp-json\/wp\/v2\/product_cat?post=11107"},{"taxonomy":"product_tag","embeddable":true,"href":"https:\/\/moi-dom.md\/ro\/wp-json\/wp\/v2\/product_tag?post=11107"}],"curies":[{"name":"wp","href":"https:\/\/api.w.org\/{rel}","templated":true}]}}