{"id":11097,"date":"2026-02-26T13:23:07","date_gmt":"2026-02-26T10:23:07","guid":{"rendered":"https:\/\/moi-dom.md\/product\/razatoare-mythos\/"},"modified":"2026-02-26T13:23:07","modified_gmt":"2026-02-26T10:23:07","slug":"razatoare-mythos","status":"publish","type":"product","link":"https:\/\/moi-dom.md\/ro\/produs\/razatoare-mythos\/","title":{"rendered":"R\u0103z\u0103toare Mythos"},"content":{"rendered":"<p class=\"p1\">R\u0103z\u0103toarea Mythos din o\u021bel inoxidabil este potrivit\u0103 pentru m\u0103run\u021birea br\u00e2nzei, legumelor, ciocolatei \u0219i altor ingrediente. Ofer\u0103 o utilizare practic\u0103 \u0219i eficient\u0103 \u00een buc\u0103t\u0103rie. Suprafa\u021ba de lucru este realizat\u0103 din o\u021bel inoxidabil rezistent la uzur\u0103 \u0219i coroziune. M\u00e2nerul ergonomic cu finisaj soft-touch asigur\u0103 confort \u0219i stabilitate \u00een timpul utiliz\u0103rii.   <\/p>\n","protected":false},"excerpt":{"rendered":"<p class=\"p1\">R\u0103z\u0103toare din o\u021bel inoxidabil cu m\u00e2ner ergonomic.<\/p>\n","protected":false},"featured_media":11094,"template":"","meta":[],"product_brand":[],"product_cat":[785,1123],"product_tag":[],"class_list":{"0":"post-11097","1":"product","2":"type-product","3":"status-publish","4":"has-post-thumbnail","6":"product_cat-posuda-dlya-prigotovleniya","7":"product_cat-kuhonnye-prinadlezhnosti","8":"pa_brand-tognana","9":"pa_material-1120","10":"pa_material-pp-","11":"pa_uhod-posudomoechnaya-mashina","13":"first","14":"instock","15":"shipping-taxable","16":"purchasable","17":"product-type-simple"},"_links":{"self":[{"href":"https:\/\/moi-dom.md\/ro\/wp-json\/wp\/v2\/product\/11097","targetHints":{"allow":["GET"]}}],"collection":[{"href":"https:\/\/moi-dom.md\/ro\/wp-json\/wp\/v2\/product"}],"about":[{"href":"https:\/\/moi-dom.md\/ro\/wp-json\/wp\/v2\/types\/product"}],"version-history":[{"count":0,"href":"https:\/\/moi-dom.md\/ro\/wp-json\/wp\/v2\/product\/11097\/revisions"}],"wp:featuredmedia":[{"embeddable":true,"href":"https:\/\/moi-dom.md\/ro\/wp-json\/wp\/v2\/media\/11094"}],"wp:attachment":[{"href":"https:\/\/moi-dom.md\/ro\/wp-json\/wp\/v2\/media?parent=11097"}],"wp:term":[{"taxonomy":"product_brand","embeddable":true,"href":"https:\/\/moi-dom.md\/ro\/wp-json\/wp\/v2\/product_brand?post=11097"},{"taxonomy":"product_cat","embeddable":true,"href":"https:\/\/moi-dom.md\/ro\/wp-json\/wp\/v2\/product_cat?post=11097"},{"taxonomy":"product_tag","embeddable":true,"href":"https:\/\/moi-dom.md\/ro\/wp-json\/wp\/v2\/product_tag?post=11097"}],"curies":[{"name":"wp","href":"https:\/\/api.w.org\/{rel}","templated":true}]}}