{"id":11092,"date":"2026-02-26T13:17:29","date_gmt":"2026-02-26T10:17:29","guid":{"rendered":"https:\/\/moi-dom.md\/product\/razatoare-lunga-mythos\/"},"modified":"2026-02-26T13:17:29","modified_gmt":"2026-02-26T10:17:29","slug":"razatoare-lunga-mythos","status":"publish","type":"product","link":"https:\/\/moi-dom.md\/ro\/produs\/razatoare-lunga-mythos\/","title":{"rendered":"R\u0103z\u0103toare lung\u0103 Mythos"},"content":{"rendered":"<p class=\"p1\">R\u0103z\u0103toarea lung\u0103 Mythos din o\u021bel inoxidabil este potrivit\u0103 pentru m\u0103run\u021birea rapid\u0103 a br\u00e2nzei, legumelor, ciocolatei sau a coajei de citrice. Suprafa\u021ba de lucru din o\u021bel asigur\u0103 eficien\u021b\u0103 \u0219i durabilitate. M\u00e2nerul ergonomic ofer\u0103 stabilitate \u0219i confort \u00een utilizare. Compact\u0103 \u0219i practic\u0103, este un accesoriu util pentru g\u0103titul zilnic. Fabricat\u0103 din o\u021bel inoxidabil, rezistent la coroziune \u0219i u\u0219or de \u00eentre\u021binut.     <\/p>\n","protected":false},"excerpt":{"rendered":"<p class=\"p1\">R\u0103z\u0103toare lung\u0103 din o\u021bel inoxidabil pentru br\u00e2nz\u0103 \u0219i legume.<\/p>\n","protected":false},"featured_media":11089,"template":"","meta":[],"product_brand":[],"product_cat":[785,1123],"product_tag":[],"class_list":{"0":"post-11092","1":"product","2":"type-product","3":"status-publish","4":"has-post-thumbnail","6":"product_cat-posuda-dlya-prigotovleniya","7":"product_cat-kuhonnye-prinadlezhnosti","8":"pa_brand-tognana","9":"pa_material-1120","10":"pa_material-pp-","11":"pa_uhod-posudomoechnaya-mashina","13":"first","14":"instock","15":"shipping-taxable","16":"purchasable","17":"product-type-simple"},"_links":{"self":[{"href":"https:\/\/moi-dom.md\/ro\/wp-json\/wp\/v2\/product\/11092","targetHints":{"allow":["GET"]}}],"collection":[{"href":"https:\/\/moi-dom.md\/ro\/wp-json\/wp\/v2\/product"}],"about":[{"href":"https:\/\/moi-dom.md\/ro\/wp-json\/wp\/v2\/types\/product"}],"version-history":[{"count":0,"href":"https:\/\/moi-dom.md\/ro\/wp-json\/wp\/v2\/product\/11092\/revisions"}],"wp:featuredmedia":[{"embeddable":true,"href":"https:\/\/moi-dom.md\/ro\/wp-json\/wp\/v2\/media\/11089"}],"wp:attachment":[{"href":"https:\/\/moi-dom.md\/ro\/wp-json\/wp\/v2\/media?parent=11092"}],"wp:term":[{"taxonomy":"product_brand","embeddable":true,"href":"https:\/\/moi-dom.md\/ro\/wp-json\/wp\/v2\/product_brand?post=11092"},{"taxonomy":"product_cat","embeddable":true,"href":"https:\/\/moi-dom.md\/ro\/wp-json\/wp\/v2\/product_cat?post=11092"},{"taxonomy":"product_tag","embeddable":true,"href":"https:\/\/moi-dom.md\/ro\/wp-json\/wp\/v2\/product_tag?post=11092"}],"curies":[{"name":"wp","href":"https:\/\/api.w.org\/{rel}","templated":true}]}}