{"id":11087,"date":"2026-02-26T12:55:35","date_gmt":"2026-02-26T09:55:35","guid":{"rendered":"https:\/\/moi-dom.md\/product\/cernator-pentru-faina-mythos\/"},"modified":"2026-02-26T12:55:35","modified_gmt":"2026-02-26T09:55:35","slug":"cernator-pentru-faina-mythos","status":"publish","type":"product","link":"https:\/\/moi-dom.md\/ro\/produs\/cernator-pentru-faina-mythos\/","title":{"rendered":"Cern\u0103tor pentru f\u0103in\u0103 Mythos"},"content":{"rendered":"<p class=\"p1\">Cern\u0103torul pentru f\u0103in\u0103 Mythos din o\u021bel inoxidabil este un instrument practic pentru coacere \u0219i prepararea aluaturilor. Permite cernerea rapid\u0103 \u0219i uniform\u0103 a f\u0103inii, aerisind-o \u0219i elimin\u00e2nd eventualele cocoloa\u0219e, contribuind la ob\u021binerea unui aluat mai fin \u0219i mai pufos. Construc\u021bia din o\u021bel inoxidabil este durabil\u0103 \u0219i u\u0219or de \u00eentre\u021binut. M\u00e2nerul ergonomic asigur\u0103 confort \u00een utilizare, iar dimensiunea compact\u0103 permite depozitarea facil\u0103. Potrivit pentru f\u0103in\u0103, zah\u0103r pudr\u0103, cacao \u0219i alte ingrediente uscate.     <\/p>\n","protected":false},"excerpt":{"rendered":"<p class=\"p1\">Cern\u0103tor din o\u021bel inoxidabil pentru f\u0103in\u0103 \u0219i ingrediente uscate.<\/p>\n","protected":false},"featured_media":11084,"template":"","meta":[],"product_brand":[],"product_cat":[785,1123],"product_tag":[],"class_list":{"0":"post-11087","1":"product","2":"type-product","3":"status-publish","4":"has-post-thumbnail","6":"product_cat-posuda-dlya-prigotovleniya","7":"product_cat-kuhonnye-prinadlezhnosti","8":"pa_brand-tognana","9":"pa_material-1120","10":"pa_size-o10x95-","12":"first","13":"instock","14":"shipping-taxable","15":"purchasable","16":"product-type-simple"},"_links":{"self":[{"href":"https:\/\/moi-dom.md\/ro\/wp-json\/wp\/v2\/product\/11087","targetHints":{"allow":["GET"]}}],"collection":[{"href":"https:\/\/moi-dom.md\/ro\/wp-json\/wp\/v2\/product"}],"about":[{"href":"https:\/\/moi-dom.md\/ro\/wp-json\/wp\/v2\/types\/product"}],"version-history":[{"count":0,"href":"https:\/\/moi-dom.md\/ro\/wp-json\/wp\/v2\/product\/11087\/revisions"}],"wp:featuredmedia":[{"embeddable":true,"href":"https:\/\/moi-dom.md\/ro\/wp-json\/wp\/v2\/media\/11084"}],"wp:attachment":[{"href":"https:\/\/moi-dom.md\/ro\/wp-json\/wp\/v2\/media?parent=11087"}],"wp:term":[{"taxonomy":"product_brand","embeddable":true,"href":"https:\/\/moi-dom.md\/ro\/wp-json\/wp\/v2\/product_brand?post=11087"},{"taxonomy":"product_cat","embeddable":true,"href":"https:\/\/moi-dom.md\/ro\/wp-json\/wp\/v2\/product_cat?post=11087"},{"taxonomy":"product_tag","embeddable":true,"href":"https:\/\/moi-dom.md\/ro\/wp-json\/wp\/v2\/product_tag?post=11087"}],"curies":[{"name":"wp","href":"https:\/\/api.w.org\/{rel}","templated":true}]}}