{"id":11080,"date":"2026-02-26T12:30:42","date_gmt":"2026-02-26T09:30:42","guid":{"rendered":"https:\/\/moi-dom.md\/product\/capac-vanitosa-steel\/"},"modified":"2026-02-26T12:30:42","modified_gmt":"2026-02-26T09:30:42","slug":"capac-vanitosa-steel","status":"publish","type":"product","link":"https:\/\/moi-dom.md\/ro\/produs\/capac-vanitosa-steel\/","title":{"rendered":"Capac Vanitosa Steel"},"content":{"rendered":"<p class=\"p1\">Capacul Vanitosa Steel din o\u021bel inoxidabil este un accesoriu practic pentru vasele din aceea\u0219i colec\u021bie. Construc\u021bia solid\u0103 asigur\u0103 o fixare sigur\u0103 \u0219i ajut\u0103 la p\u0103strarea c\u0103ldurii \u0219i a umidit\u0103\u021bii \u00een timpul g\u0103tirii.<br \/>Materialul este rezistent la uzur\u0103, u\u0219or de cur\u0103\u021bat \u0219i \u00ee\u0219i men\u021bine aspectul \u00een timp. M\u00e2nerul metalic ofer\u0103 confort \u0219i siguran\u021b\u0103 \u00een utilizare.    <\/p>\n","protected":false},"excerpt":{"rendered":"<p class=\"p1\">Capac din o\u021bel inoxidabil pentru vasele Vanitosa. Disponibil \u00een mai multe dimensiuni.<\/p>\n","protected":false},"featured_media":11076,"template":"","meta":[],"product_brand":[],"product_cat":[785,987],"product_tag":[],"class_list":{"0":"post-11080","1":"product","2":"type-product","3":"status-publish","4":"has-post-thumbnail","6":"product_cat-posuda-dlya-prigotovleniya","7":"product_cat-kryshki-dlya-kastryul-i-skovorodok","8":"pa_brand-tognana","9":"pa_material-1120","10":"pa_size-o26-","11":"pa_uhod-posudomoechnaya-mashina","13":"first","14":"instock","15":"shipping-taxable","16":"purchasable","17":"product-type-simple"},"_links":{"self":[{"href":"https:\/\/moi-dom.md\/ro\/wp-json\/wp\/v2\/product\/11080","targetHints":{"allow":["GET"]}}],"collection":[{"href":"https:\/\/moi-dom.md\/ro\/wp-json\/wp\/v2\/product"}],"about":[{"href":"https:\/\/moi-dom.md\/ro\/wp-json\/wp\/v2\/types\/product"}],"version-history":[{"count":0,"href":"https:\/\/moi-dom.md\/ro\/wp-json\/wp\/v2\/product\/11080\/revisions"}],"wp:featuredmedia":[{"embeddable":true,"href":"https:\/\/moi-dom.md\/ro\/wp-json\/wp\/v2\/media\/11076"}],"wp:attachment":[{"href":"https:\/\/moi-dom.md\/ro\/wp-json\/wp\/v2\/media?parent=11080"}],"wp:term":[{"taxonomy":"product_brand","embeddable":true,"href":"https:\/\/moi-dom.md\/ro\/wp-json\/wp\/v2\/product_brand?post=11080"},{"taxonomy":"product_cat","embeddable":true,"href":"https:\/\/moi-dom.md\/ro\/wp-json\/wp\/v2\/product_cat?post=11080"},{"taxonomy":"product_tag","embeddable":true,"href":"https:\/\/moi-dom.md\/ro\/wp-json\/wp\/v2\/product_tag?post=11080"}],"curies":[{"name":"wp","href":"https:\/\/api.w.org\/{rel}","templated":true}]}}