{"id":11074,"date":"2026-02-26T12:24:34","date_gmt":"2026-02-26T09:24:34","guid":{"rendered":"https:\/\/moi-dom.md\/product\/cratita-vanitosa-steel\/"},"modified":"2026-02-26T12:24:34","modified_gmt":"2026-02-26T09:24:34","slug":"cratita-vanitosa-steel","status":"publish","type":"product","link":"https:\/\/moi-dom.md\/ro\/produs\/cratita-vanitosa-steel\/","title":{"rendered":"Cratit\u0103 Vanitosa Steel"},"content":{"rendered":"<p class=\"p1\">Cratita Vanitosa Steel din o\u021bel inoxidabil este potrivit\u0103 pentru utilizare zilnic\u0103. Ideal\u0103 pentru supe, garnituri, sosuri \u0219i preparate \u00een\u0103bu\u0219ite. Construc\u021bia solid\u0103 asigur\u0103 distribuirea uniform\u0103 a c\u0103ldurii pentru o g\u0103tire controlat\u0103. O\u021belul inoxidabil este rezistent la uzur\u0103, nu re\u021bine mirosuri \u0219i se cur\u0103\u021b\u0103 u\u0219or. Cele dou\u0103 m\u00e2nere ofer\u0103 confort \u0219i siguran\u021b\u0103 la manipulare, iar designul simplu se potrive\u0219te \u00een orice buc\u0103t\u0103rie.    <\/p>\n","protected":false},"excerpt":{"rendered":"<p class=\"p1\">Cratit\u0103 din o\u021bel inoxidabil cu dou\u0103 m\u00e2nere, ideal\u0103 pentru g\u0103tit zilnic. <\/p>\n","protected":false},"featured_media":11071,"template":"","meta":[],"product_brand":[],"product_cat":[785,855],"product_tag":[],"class_list":{"0":"post-11074","1":"product","2":"type-product","3":"status-publish","4":"has-post-thumbnail","6":"product_cat-posuda-dlya-prigotovleniya","7":"product_cat-kastruly","8":"pa_brand-tognana","9":"pa_material-1120","10":"pa_size-o24-","11":"pa_tip-plity-gazovaya-plita","12":"pa_tip-plity-indukcionnaya-plita","13":"pa_tip-plity-elektricheskaya-plita","14":"pa_uhod-posudomoechnaya-mashina","16":"first","17":"instock","18":"shipping-taxable","19":"purchasable","20":"product-type-simple"},"_links":{"self":[{"href":"https:\/\/moi-dom.md\/ro\/wp-json\/wp\/v2\/product\/11074","targetHints":{"allow":["GET"]}}],"collection":[{"href":"https:\/\/moi-dom.md\/ro\/wp-json\/wp\/v2\/product"}],"about":[{"href":"https:\/\/moi-dom.md\/ro\/wp-json\/wp\/v2\/types\/product"}],"version-history":[{"count":0,"href":"https:\/\/moi-dom.md\/ro\/wp-json\/wp\/v2\/product\/11074\/revisions"}],"wp:featuredmedia":[{"embeddable":true,"href":"https:\/\/moi-dom.md\/ro\/wp-json\/wp\/v2\/media\/11071"}],"wp:attachment":[{"href":"https:\/\/moi-dom.md\/ro\/wp-json\/wp\/v2\/media?parent=11074"}],"wp:term":[{"taxonomy":"product_brand","embeddable":true,"href":"https:\/\/moi-dom.md\/ro\/wp-json\/wp\/v2\/product_brand?post=11074"},{"taxonomy":"product_cat","embeddable":true,"href":"https:\/\/moi-dom.md\/ro\/wp-json\/wp\/v2\/product_cat?post=11074"},{"taxonomy":"product_tag","embeddable":true,"href":"https:\/\/moi-dom.md\/ro\/wp-json\/wp\/v2\/product_tag?post=11074"}],"curies":[{"name":"wp","href":"https:\/\/api.w.org\/{rel}","templated":true}]}}