{"id":11069,"date":"2026-02-26T12:10:43","date_gmt":"2026-02-26T09:10:43","guid":{"rendered":"https:\/\/moi-dom.md\/product\/soteu-cu-doua-manere-vanitosa-steel\/"},"modified":"2026-02-26T12:10:43","modified_gmt":"2026-02-26T09:10:43","slug":"soteu-cu-doua-manere-vanitosa-steel","status":"publish","type":"product","link":"https:\/\/moi-dom.md\/ro\/produs\/soteu-cu-doua-manere-vanitosa-steel\/","title":{"rendered":"Soteu cu dou\u0103 m\u00e2nere Vanitosa Steel"},"content":{"rendered":"<p class=\"p1\">Soteul Vanitosa Steel din o\u021bel inoxidabil este potrivit pentru \u00een\u0103bu\u0219ire, prepararea sosurilor \u0219i a re\u021betelor care necesit\u0103 \u00eenc\u0103lzire controlat\u0103. Distribuirea uniform\u0103 a c\u0103ldurii contribuie la o g\u0103tire stabil\u0103 \u0219i eficient\u0103.<br \/>O\u021belul inoxidabil ofer\u0103 durabilitate \u0219i rezisten\u021b\u0103 \u00een timp, iar cele dou\u0103 m\u00e2nere asigur\u0103 siguran\u021b\u0103 \u0219i confort \u00een utilizare. Designul simplu \u00eel face potrivit at\u00e2t pentru buc\u0103t\u0103ria de zi cu zi, c\u00e2t \u0219i pentru servire.   <\/p>\n","protected":false},"excerpt":{"rendered":"<p class=\"p1\">Soteu din o\u021bel inoxidabil cu dou\u0103 m\u00e2nere, ideal pentru g\u0103tit zilnic. <\/p>\n","protected":false},"featured_media":11066,"template":"","meta":[],"product_brand":[],"product_cat":[785,855],"product_tag":[],"class_list":{"0":"post-11069","1":"product","2":"type-product","3":"status-publish","4":"has-post-thumbnail","6":"product_cat-posuda-dlya-prigotovleniya","7":"product_cat-kastruly","8":"pa_brand-tognana","9":"pa_material-1120","10":"pa_size-o24-","11":"pa_tip-plity-gazovaya-plita","12":"pa_tip-plity-indukcionnaya-plita","13":"pa_tip-plity-elektricheskaya-plita","14":"pa_uhod-posudomoechnaya-mashina","16":"first","17":"instock","18":"shipping-taxable","19":"purchasable","20":"product-type-simple"},"_links":{"self":[{"href":"https:\/\/moi-dom.md\/ro\/wp-json\/wp\/v2\/product\/11069","targetHints":{"allow":["GET"]}}],"collection":[{"href":"https:\/\/moi-dom.md\/ro\/wp-json\/wp\/v2\/product"}],"about":[{"href":"https:\/\/moi-dom.md\/ro\/wp-json\/wp\/v2\/types\/product"}],"version-history":[{"count":0,"href":"https:\/\/moi-dom.md\/ro\/wp-json\/wp\/v2\/product\/11069\/revisions"}],"wp:featuredmedia":[{"embeddable":true,"href":"https:\/\/moi-dom.md\/ro\/wp-json\/wp\/v2\/media\/11066"}],"wp:attachment":[{"href":"https:\/\/moi-dom.md\/ro\/wp-json\/wp\/v2\/media?parent=11069"}],"wp:term":[{"taxonomy":"product_brand","embeddable":true,"href":"https:\/\/moi-dom.md\/ro\/wp-json\/wp\/v2\/product_brand?post=11069"},{"taxonomy":"product_cat","embeddable":true,"href":"https:\/\/moi-dom.md\/ro\/wp-json\/wp\/v2\/product_cat?post=11069"},{"taxonomy":"product_tag","embeddable":true,"href":"https:\/\/moi-dom.md\/ro\/wp-json\/wp\/v2\/product_tag?post=11069"}],"curies":[{"name":"wp","href":"https:\/\/api.w.org\/{rel}","templated":true}]}}