{"id":11061,"date":"2026-02-26T12:02:32","date_gmt":"2026-02-26T09:02:32","guid":{"rendered":"https:\/\/moi-dom.md\/product\/tigaie-vanitosa-steel\/"},"modified":"2026-02-26T12:02:32","modified_gmt":"2026-02-26T09:02:32","slug":"tigaie-vanitosa-steel","status":"publish","type":"product","link":"https:\/\/moi-dom.md\/ro\/produs\/tigaie-vanitosa-steel\/","title":{"rendered":"Tigaie Vanitosa Steel"},"content":{"rendered":"<p class=\"p1\">Tigaia Vanitosa Steel este realizat\u0103 din o\u021bel inoxidabil \u0219i este potrivit\u0103 pentru utilizare zilnic\u0103. Ideal\u0103 pentru pr\u0103jirea c\u0103rnii, pe\u0219telui, legumelor \u0219i pentru prepararea sosurilor. O\u021belul inoxidabil ofer\u0103 durabilitate \u0219i un aspect profesional \u00een buc\u0103t\u0103rie. Distribuirea uniform\u0103 a c\u0103ldurii contribuie la o g\u0103tire controlat\u0103, iar m\u00e2nerul solid asigur\u0103 confort \u00een utilizare. Designul simplu se potrive\u0219te at\u00e2t \u00een buc\u0103t\u0103rii moderne, c\u00e2t \u0219i clasice. Disponibil\u0103 \u00een mai multe dimensiuni \u2014 alege varianta potrivit\u0103 nevoilor tale.      <\/p>\n","protected":false},"excerpt":{"rendered":"<p class=\"p1\">Tigaie din o\u021bel inoxidabil pentru g\u0103tit zilnic. Disponibil\u0103 \u00een mai multe dimensiuni. <\/p>\n","protected":false},"featured_media":11056,"template":"","meta":[],"product_brand":[],"product_cat":[996,786],"product_tag":[],"class_list":{"0":"post-11061","1":"product","2":"type-product","3":"status-publish","4":"has-post-thumbnail","6":"product_cat-tigai","7":"product_cat-vesela-pentru-gatit","8":"pa_brand-tognana","9":"pa_material-otel-inoxidabil","10":"pa_size-o22-cm","11":"pa_size-o26-cm","12":"pa_tip-plity-aragaz","13":"pa_tip-plity-plita-cu-inductie","14":"pa_tip-plity-plita-electrica","15":"pa_uhod-se-poate-spala-in-masina-de-spalat-vase","17":"first","18":"instock","19":"shipping-taxable","20":"purchasable","21":"product-type-variable"},"_links":{"self":[{"href":"https:\/\/moi-dom.md\/ro\/wp-json\/wp\/v2\/product\/11061","targetHints":{"allow":["GET"]}}],"collection":[{"href":"https:\/\/moi-dom.md\/ro\/wp-json\/wp\/v2\/product"}],"about":[{"href":"https:\/\/moi-dom.md\/ro\/wp-json\/wp\/v2\/types\/product"}],"version-history":[{"count":0,"href":"https:\/\/moi-dom.md\/ro\/wp-json\/wp\/v2\/product\/11061\/revisions"}],"wp:featuredmedia":[{"embeddable":true,"href":"https:\/\/moi-dom.md\/ro\/wp-json\/wp\/v2\/media\/11056"}],"wp:attachment":[{"href":"https:\/\/moi-dom.md\/ro\/wp-json\/wp\/v2\/media?parent=11061"}],"wp:term":[{"taxonomy":"product_brand","embeddable":true,"href":"https:\/\/moi-dom.md\/ro\/wp-json\/wp\/v2\/product_brand?post=11061"},{"taxonomy":"product_cat","embeddable":true,"href":"https:\/\/moi-dom.md\/ro\/wp-json\/wp\/v2\/product_cat?post=11061"},{"taxonomy":"product_tag","embeddable":true,"href":"https:\/\/moi-dom.md\/ro\/wp-json\/wp\/v2\/product_tag?post=11061"}],"curies":[{"name":"wp","href":"https:\/\/api.w.org\/{rel}","templated":true}]}}