{"id":11040,"date":"2026-02-26T11:24:42","date_gmt":"2026-02-26T08:24:42","guid":{"rendered":"https:\/\/moi-dom.md\/product\/cratita-cu-doua-manere-si-capac-big-family\/"},"modified":"2026-02-26T11:24:42","modified_gmt":"2026-02-26T08:24:42","slug":"cratita-cu-doua-manere-si-capac-big-family","status":"publish","type":"product","link":"https:\/\/moi-dom.md\/ro\/produs\/cratita-cu-doua-manere-si-capac-big-family\/","title":{"rendered":"Cratit\u0103 cu dou\u0103 m\u00e2nere \u0219i capac Big Family"},"content":{"rendered":"<p>Cratita Big Family cu dou\u0103 m\u00e2nere ergonomice este ideal\u0103 pentru prepararea m\u00e2nc\u0103rurilor pentru \u00eentreaga familie. Potrivit\u0103 pentru supe, toc\u0103ni\u021be, paste \u0219i preparate \u00een\u0103bu\u0219ite. Stratul antiaderent previne lipirea alimentelor \u0219i faciliteaz\u0103 cur\u0103\u021barea. Baza din aluminiu asigur\u0103 distribuirea uniform\u0103 a c\u0103ldurii, iar capacul din sticl\u0103 permite monitorizarea preparatului f\u0103r\u0103 pierdere de temperatur\u0103 sau umiditate. Designul simplu \u0219i culoarea neutr\u0103 o fac potrivit\u0103 at\u00e2t pentru buc\u0103t\u0103rii moderne, c\u00e2t \u0219i clasice. O alegere practic\u0103 pentru utilizare zilnic\u0103.      <\/p>\n","protected":false},"excerpt":{"rendered":"<p class=\"p1\">Cratit\u0103 antiaderent\u0103 cu dou\u0103 m\u00e2nere \u0219i capac din sticl\u0103, ideal\u0103 pentru g\u0103titul zilnic.<\/p>\n","protected":false},"featured_media":11037,"template":"","meta":[],"product_brand":[],"product_cat":[785,855],"product_tag":[],"class_list":{"0":"post-11040","1":"product","2":"type-product","3":"status-publish","4":"has-post-thumbnail","6":"product_cat-posuda-dlya-prigotovleniya","7":"product_cat-kastruly","8":"pa_brand-tognana","9":"pa_color-black","10":"pa_material-848","11":"pa_material-596","12":"pa_size-o24-","13":"pa_tip-plity-gazovaya-plita","14":"pa_tip-plity-indukcionnaya-plita","15":"pa_tip-plity-elektricheskaya-plita","16":"pa_uhod-posudomoechnaya-mashina","17":"pa_volume-4500-","19":"first","20":"instock","21":"shipping-taxable","22":"purchasable","23":"product-type-simple"},"_links":{"self":[{"href":"https:\/\/moi-dom.md\/ro\/wp-json\/wp\/v2\/product\/11040","targetHints":{"allow":["GET"]}}],"collection":[{"href":"https:\/\/moi-dom.md\/ro\/wp-json\/wp\/v2\/product"}],"about":[{"href":"https:\/\/moi-dom.md\/ro\/wp-json\/wp\/v2\/types\/product"}],"version-history":[{"count":0,"href":"https:\/\/moi-dom.md\/ro\/wp-json\/wp\/v2\/product\/11040\/revisions"}],"wp:featuredmedia":[{"embeddable":true,"href":"https:\/\/moi-dom.md\/ro\/wp-json\/wp\/v2\/media\/11037"}],"wp:attachment":[{"href":"https:\/\/moi-dom.md\/ro\/wp-json\/wp\/v2\/media?parent=11040"}],"wp:term":[{"taxonomy":"product_brand","embeddable":true,"href":"https:\/\/moi-dom.md\/ro\/wp-json\/wp\/v2\/product_brand?post=11040"},{"taxonomy":"product_cat","embeddable":true,"href":"https:\/\/moi-dom.md\/ro\/wp-json\/wp\/v2\/product_cat?post=11040"},{"taxonomy":"product_tag","embeddable":true,"href":"https:\/\/moi-dom.md\/ro\/wp-json\/wp\/v2\/product_tag?post=11040"}],"curies":[{"name":"wp","href":"https:\/\/api.w.org\/{rel}","templated":true}]}}