{"id":11035,"date":"2026-02-26T11:16:05","date_gmt":"2026-02-26T08:16:05","guid":{"rendered":"https:\/\/moi-dom.md\/product\/cratita-cu-capac-big-family\/"},"modified":"2026-02-26T11:16:05","modified_gmt":"2026-02-26T08:16:05","slug":"cratita-cu-capac-big-family","status":"publish","type":"product","link":"https:\/\/moi-dom.md\/ro\/produs\/cratita-cu-capac-big-family\/","title":{"rendered":"Cratit\u0103 cu capac Big Family"},"content":{"rendered":"<p class=\"p1\">Cratita Big Family este un ajutor versatil pentru g\u0103titul zilnic. Ideal\u0103 pentru supe, sosuri, garnituri \u0219i preparate \u00een\u0103bu\u0219ite. Datorit\u0103 stratului antiaderent modern, alimentele nu se lipesc, iar cur\u0103\u021barea devine mai u\u0219oar\u0103. Baza din aluminiu asigur\u0103 distribuirea uniform\u0103 a c\u0103ldurii, contribuind la o g\u0103tire eficient\u0103 \u0219i controlat\u0103. Capacul din sticl\u0103 permite monitorizarea preparatului f\u0103r\u0103 pierdere de c\u0103ldur\u0103 sau umiditate.<br \/>Designul simplu \u0219i elegant se potrive\u0219te at\u00e2t \u00een buc\u0103t\u0103rii moderne, c\u00e2t \u0219i clasice. O alegere practic\u0103 pentru cei care apreciaz\u0103 func\u021bionalitatea \u0219i durabilitatea.      <\/p>\n","protected":false},"excerpt":{"rendered":"<p class=\"p1\">Cratit\u0103 cu strat antiaderent \u0219i capac din sticl\u0103, ideal\u0103 pentru g\u0103titul zilnic.<\/p>\n","protected":false},"featured_media":11032,"template":"","meta":[],"product_brand":[],"product_cat":[785,855],"product_tag":[],"class_list":{"0":"post-11035","1":"product","2":"type-product","3":"status-publish","4":"has-post-thumbnail","6":"product_cat-posuda-dlya-prigotovleniya","7":"product_cat-kastruly","8":"pa_brand-tognana","9":"pa_color-black","10":"pa_material-848","11":"pa_material-596","12":"pa_size-o22x9-","13":"pa_tip-plity-gazovaya-plita","14":"pa_tip-plity-indukcionnaya-plita","15":"pa_tip-plity-elektricheskaya-plita","16":"pa_uhod-posudomoechnaya-mashina","17":"pa_volume-2900-","19":"first","20":"instock","21":"shipping-taxable","22":"purchasable","23":"product-type-simple"},"_links":{"self":[{"href":"https:\/\/moi-dom.md\/ro\/wp-json\/wp\/v2\/product\/11035","targetHints":{"allow":["GET"]}}],"collection":[{"href":"https:\/\/moi-dom.md\/ro\/wp-json\/wp\/v2\/product"}],"about":[{"href":"https:\/\/moi-dom.md\/ro\/wp-json\/wp\/v2\/types\/product"}],"version-history":[{"count":0,"href":"https:\/\/moi-dom.md\/ro\/wp-json\/wp\/v2\/product\/11035\/revisions"}],"wp:featuredmedia":[{"embeddable":true,"href":"https:\/\/moi-dom.md\/ro\/wp-json\/wp\/v2\/media\/11032"}],"wp:attachment":[{"href":"https:\/\/moi-dom.md\/ro\/wp-json\/wp\/v2\/media?parent=11035"}],"wp:term":[{"taxonomy":"product_brand","embeddable":true,"href":"https:\/\/moi-dom.md\/ro\/wp-json\/wp\/v2\/product_brand?post=11035"},{"taxonomy":"product_cat","embeddable":true,"href":"https:\/\/moi-dom.md\/ro\/wp-json\/wp\/v2\/product_cat?post=11035"},{"taxonomy":"product_tag","embeddable":true,"href":"https:\/\/moi-dom.md\/ro\/wp-json\/wp\/v2\/product_tag?post=11035"}],"curies":[{"name":"wp","href":"https:\/\/api.w.org\/{rel}","templated":true}]}}