{"id":11027,"date":"2026-02-26T10:56:46","date_gmt":"2026-02-26T07:56:46","guid":{"rendered":"https:\/\/moi-dom.md\/product\/decoratiune-suspendata-animalute-de-primavara\/"},"modified":"2026-02-26T10:56:46","modified_gmt":"2026-02-26T07:56:46","slug":"decoratiune-suspendata-animalute-de-primavara","status":"publish","type":"product","link":"https:\/\/moi-dom.md\/ro\/produs\/decoratiune-suspendata-animalute-de-primavara\/","title":{"rendered":"Decora\u021biune suspendat\u0103 \u201eAnim\u0103lu\u021be de prim\u0103var\u0103\u201d"},"content":{"rendered":"<p class=\"p1\">Aceast\u0103 decora\u021biune suspendat\u0103 este detaliul mic care schimb\u0103 imediat atmosfera din cas\u0103. Anim\u0103lu\u021bele de prim\u0103var\u0103, integrate \u00een forme florale, arat\u0103 delicat \u0219i festiv \u2014 perfecte pentru decorul de Pa\u0219te, camera copilului sau aranjamentele de sezon. O po\u021bi ag\u0103\u021ba pe crengi \u00eentr-o vaz\u0103, la fereastr\u0103, pe o ghirland\u0103, de un m\u00e2ner de dulap sau chiar ca accent la mas\u0103. Este un decor u\u0219or, \u00eengrijit \u0219i se potrive\u0219te foarte bine cu nuan\u021be pastel \u0219i materiale naturale.   <\/p>\n","protected":false},"excerpt":{"rendered":"<p class=\"p1\">Decora\u021biune suspendat\u0103 cu motiv de prim\u0103var\u0103.<\/p>\n","protected":false},"featured_media":11018,"template":"","meta":[],"product_brand":[],"product_cat":[237,1027],"product_tag":[],"class_list":{"0":"post-11027","1":"product","2":"type-product","3":"status-publish","4":"has-post-thumbnail","6":"product_cat-dekor-dlya-doma","7":"product_cat-pashalnyy-dekor","8":"pa_brand-edg-enzo-de-gasperi","9":"pa_color-yellow","10":"pa_color-pink","11":"pa_color-violet","12":"pa_size-o6x11-","14":"first","15":"instock","16":"shipping-taxable","17":"purchasable","18":"product-type-variable"},"_links":{"self":[{"href":"https:\/\/moi-dom.md\/ro\/wp-json\/wp\/v2\/product\/11027","targetHints":{"allow":["GET"]}}],"collection":[{"href":"https:\/\/moi-dom.md\/ro\/wp-json\/wp\/v2\/product"}],"about":[{"href":"https:\/\/moi-dom.md\/ro\/wp-json\/wp\/v2\/types\/product"}],"version-history":[{"count":0,"href":"https:\/\/moi-dom.md\/ro\/wp-json\/wp\/v2\/product\/11027\/revisions"}],"wp:featuredmedia":[{"embeddable":true,"href":"https:\/\/moi-dom.md\/ro\/wp-json\/wp\/v2\/media\/11018"}],"wp:attachment":[{"href":"https:\/\/moi-dom.md\/ro\/wp-json\/wp\/v2\/media?parent=11027"}],"wp:term":[{"taxonomy":"product_brand","embeddable":true,"href":"https:\/\/moi-dom.md\/ro\/wp-json\/wp\/v2\/product_brand?post=11027"},{"taxonomy":"product_cat","embeddable":true,"href":"https:\/\/moi-dom.md\/ro\/wp-json\/wp\/v2\/product_cat?post=11027"},{"taxonomy":"product_tag","embeddable":true,"href":"https:\/\/moi-dom.md\/ro\/wp-json\/wp\/v2\/product_tag?post=11027"}],"curies":[{"name":"wp","href":"https:\/\/api.w.org\/{rel}","templated":true}]}}