{"id":11013,"date":"2026-02-26T10:42:45","date_gmt":"2026-02-26T07:42:45","guid":{"rendered":"https:\/\/moi-dom.md\/product\/cutie-decorativa-din-sticla-cu-capac\/"},"modified":"2026-02-26T10:42:45","modified_gmt":"2026-02-26T07:42:45","slug":"cutie-decorativa-din-sticla-cu-capac","status":"publish","type":"product","link":"https:\/\/moi-dom.md\/ro\/produs\/cutie-decorativa-din-sticla-cu-capac\/","title":{"rendered":"Cutie decorativ\u0103 din sticl\u0103 cu capac"},"content":{"rendered":"<p class=\"p1\">Cutia decorativ\u0103 din sticl\u0103 cu capac este un accent elegant pentru interior, combin\u00e2nd estetica cu func\u021bionalitatea. Textura reliefat\u0103 a sticlei reflect\u0103 frumos lumina, cre\u00e2nd un joc subtil de reflexii \u0219i ad\u0103ug\u00e2nd profunzime spa\u021biului. Este potrivit\u0103 pentru depozitarea bomboanelor, nucilor, bijuteriilor, dischetelor cosmetice sau a diferitelor obiecte mici. Capacul protejeaz\u0103 con\u021binutul de praf \u0219i ofer\u0103 un aspect finisat \u0219i \u00eengrijit. Se integreaz\u0103 perfect \u00een interioare clasice, modern classic, provensal sau stil old money. Poate fi folosit\u0103 at\u00e2t pentru servire, c\u00e2t \u0219i ca element decorativ care completeaz\u0103 atmosfera casei.     <\/p>\n","protected":false},"excerpt":{"rendered":"<p class=\"p1\">Cutie din sticl\u0103 reliefat\u0103 cu capac, ideal\u0103 pentru depozitare \u0219i decor.<\/p>\n","protected":false},"featured_media":11007,"template":"","meta":[],"product_brand":[],"product_cat":[247,246],"product_tag":[],"class_list":{"0":"post-11013","1":"product","2":"type-product","3":"status-publish","4":"has-post-thumbnail","6":"product_cat-decor-pentru-casa","7":"product_cat-elemente-decorative","8":"pa_brand-edg-enzo-de-gasperi","9":"pa_color-yellow","10":"pa_color-verde","11":"pa_material-sticla","12":"pa_size-o85x115-cm","14":"first","15":"instock","16":"shipping-taxable","17":"purchasable","18":"product-type-variable"},"_links":{"self":[{"href":"https:\/\/moi-dom.md\/ro\/wp-json\/wp\/v2\/product\/11013","targetHints":{"allow":["GET"]}}],"collection":[{"href":"https:\/\/moi-dom.md\/ro\/wp-json\/wp\/v2\/product"}],"about":[{"href":"https:\/\/moi-dom.md\/ro\/wp-json\/wp\/v2\/types\/product"}],"version-history":[{"count":0,"href":"https:\/\/moi-dom.md\/ro\/wp-json\/wp\/v2\/product\/11013\/revisions"}],"wp:featuredmedia":[{"embeddable":true,"href":"https:\/\/moi-dom.md\/ro\/wp-json\/wp\/v2\/media\/11007"}],"wp:attachment":[{"href":"https:\/\/moi-dom.md\/ro\/wp-json\/wp\/v2\/media?parent=11013"}],"wp:term":[{"taxonomy":"product_brand","embeddable":true,"href":"https:\/\/moi-dom.md\/ro\/wp-json\/wp\/v2\/product_brand?post=11013"},{"taxonomy":"product_cat","embeddable":true,"href":"https:\/\/moi-dom.md\/ro\/wp-json\/wp\/v2\/product_cat?post=11013"},{"taxonomy":"product_tag","embeddable":true,"href":"https:\/\/moi-dom.md\/ro\/wp-json\/wp\/v2\/product_tag?post=11013"}],"curies":[{"name":"wp","href":"https:\/\/api.w.org\/{rel}","templated":true}]}}