{"id":11005,"date":"2026-02-26T10:05:57","date_gmt":"2026-02-26T07:05:57","guid":{"rendered":"https:\/\/moi-dom.md\/product\/lumanare-parfumata-classic-wild-ginger\/"},"modified":"2026-02-26T10:05:57","modified_gmt":"2026-02-26T07:05:57","slug":"lumanare-parfumata-classic-wild-ginger","status":"publish","type":"product","link":"https:\/\/moi-dom.md\/ro\/produs\/lumanare-parfumata-classic-wild-ginger\/","title":{"rendered":"Lum\u00e2nare parfumat\u0103 Classic Wild Ginger"},"content":{"rendered":"<p class=\"p1\">Lum\u00e2narea parfumat\u0103 Classic Wild Ginger \u00eembin\u0103 un parfum intens, u\u0219or condimentat, cu un design rafinat. Aroma de ghimbir s\u0103lbatic creeaz\u0103 o atmosfer\u0103 cald\u0103 \u0219i sofisticat\u0103, ad\u0103ug\u00e2nd personalitate oric\u0103rui interior. Lum\u00e2narea este realizat\u0103 \u00eentr-un recipient din sticl\u0103 fa\u021betat\u0103 de calitate premium \u0219i este ambalat\u0103 \u00een cutie original\u0103 potrivit\u0103 \u0219i pentru cadou. Ideal\u0103 pentru living, dormitor sau birou.   <\/p>\n","protected":false},"excerpt":{"rendered":"<p class=\"p1\">Lum\u00e2nare pentru cas\u0103 cu arom\u0103 condimentat\u0103 de ghimbir s\u0103lbatic. Recipient elegant din sticl\u0103 \u00een stil clasic. <\/p>\n","protected":false},"featured_media":11002,"template":"","meta":[],"product_brand":[],"product_cat":[237,808],"product_tag":[],"class_list":{"0":"post-11005","1":"product","2":"type-product","3":"status-publish","4":"has-post-thumbnail","6":"product_cat-dekor-dlya-doma","7":"product_cat-svechi-i-podsvechniki","8":"pa_brand-edg-enzo-de-gasperi","9":"pa_size-o13x13-","11":"first","12":"instock","13":"shipping-taxable","14":"purchasable","15":"product-type-simple"},"_links":{"self":[{"href":"https:\/\/moi-dom.md\/ro\/wp-json\/wp\/v2\/product\/11005","targetHints":{"allow":["GET"]}}],"collection":[{"href":"https:\/\/moi-dom.md\/ro\/wp-json\/wp\/v2\/product"}],"about":[{"href":"https:\/\/moi-dom.md\/ro\/wp-json\/wp\/v2\/types\/product"}],"version-history":[{"count":0,"href":"https:\/\/moi-dom.md\/ro\/wp-json\/wp\/v2\/product\/11005\/revisions"}],"wp:featuredmedia":[{"embeddable":true,"href":"https:\/\/moi-dom.md\/ro\/wp-json\/wp\/v2\/media\/11002"}],"wp:attachment":[{"href":"https:\/\/moi-dom.md\/ro\/wp-json\/wp\/v2\/media?parent=11005"}],"wp:term":[{"taxonomy":"product_brand","embeddable":true,"href":"https:\/\/moi-dom.md\/ro\/wp-json\/wp\/v2\/product_brand?post=11005"},{"taxonomy":"product_cat","embeddable":true,"href":"https:\/\/moi-dom.md\/ro\/wp-json\/wp\/v2\/product_cat?post=11005"},{"taxonomy":"product_tag","embeddable":true,"href":"https:\/\/moi-dom.md\/ro\/wp-json\/wp\/v2\/product_tag?post=11005"}],"curies":[{"name":"wp","href":"https:\/\/api.w.org\/{rel}","templated":true}]}}