{"id":10987,"date":"2026-02-25T14:07:23","date_gmt":"2026-02-25T11:07:23","guid":{"rendered":"https:\/\/moi-dom.md\/product\/lumanare-parfumata-love-moroccan-rose\/"},"modified":"2026-02-25T14:07:23","modified_gmt":"2026-02-25T11:07:23","slug":"lumanare-parfumata-love-moroccan-rose","status":"publish","type":"product","link":"https:\/\/moi-dom.md\/ro\/produs\/lumanare-parfumata-love-moroccan-rose\/","title":{"rendered":"Lum\u00e2nare parfumat\u0103 L\u2019Ove Moroccan Rose"},"content":{"rendered":"<p class=\"p1\">Lum\u00e2narea parfumat\u0103 L\u2019Ove Moroccan Rose este o lum\u00e2nare decorativ\u0103 \u00een form\u0103 de ou, cu parfum floral intens de trandafir marocan. Lum\u00e2narea pentru cas\u0103 ofer\u0103 lumin\u0103 cald\u0103 \u0219i creeaz\u0103 o atmosfer\u0103 elegant\u0103 \u0219i romantic\u0103. Recipientul din sticl\u0103 texturat\u0103 cu capac completeaz\u0103 decorul \u0219i este potrivit pentru living sau dormitor. Lum\u00e2narea parfumat\u0103 Moroccan Rose este ideal\u0103 \u0219i pentru cadou sau decor sezonier.   <\/p>\n","protected":false},"excerpt":{"rendered":"<p class=\"p1\">Lum\u00e2nare pentru cas\u0103 cu arom\u0103 de trandafir marocan. Lum\u00e2nare parfumat\u0103 decorativ\u0103 \u00een form\u0103 de ou. <\/p>\n","protected":false},"featured_media":10984,"template":"","meta":[],"product_brand":[],"product_cat":[237,1027,808],"product_tag":[],"class_list":{"0":"post-10987","1":"product","2":"type-product","3":"status-publish","4":"has-post-thumbnail","6":"product_cat-dekor-dlya-doma","7":"product_cat-pashalnyy-dekor","8":"product_cat-svechi-i-podsvechniki","9":"pa_brand-edg-enzo-de-gasperi","10":"pa_size-o8x12-","12":"first","13":"instock","14":"shipping-taxable","15":"purchasable","16":"product-type-simple"},"_links":{"self":[{"href":"https:\/\/moi-dom.md\/ro\/wp-json\/wp\/v2\/product\/10987","targetHints":{"allow":["GET"]}}],"collection":[{"href":"https:\/\/moi-dom.md\/ro\/wp-json\/wp\/v2\/product"}],"about":[{"href":"https:\/\/moi-dom.md\/ro\/wp-json\/wp\/v2\/types\/product"}],"version-history":[{"count":0,"href":"https:\/\/moi-dom.md\/ro\/wp-json\/wp\/v2\/product\/10987\/revisions"}],"wp:featuredmedia":[{"embeddable":true,"href":"https:\/\/moi-dom.md\/ro\/wp-json\/wp\/v2\/media\/10984"}],"wp:attachment":[{"href":"https:\/\/moi-dom.md\/ro\/wp-json\/wp\/v2\/media?parent=10987"}],"wp:term":[{"taxonomy":"product_brand","embeddable":true,"href":"https:\/\/moi-dom.md\/ro\/wp-json\/wp\/v2\/product_brand?post=10987"},{"taxonomy":"product_cat","embeddable":true,"href":"https:\/\/moi-dom.md\/ro\/wp-json\/wp\/v2\/product_cat?post=10987"},{"taxonomy":"product_tag","embeddable":true,"href":"https:\/\/moi-dom.md\/ro\/wp-json\/wp\/v2\/product_tag?post=10987"}],"curies":[{"name":"wp","href":"https:\/\/api.w.org\/{rel}","templated":true}]}}