{"id":10976,"date":"2026-02-25T13:42:57","date_gmt":"2026-02-25T10:42:57","guid":{"rendered":"https:\/\/moi-dom.md\/product\/lumanare-parfumata-love-ginger-warm-vanilla\/"},"modified":"2026-02-25T13:42:57","modified_gmt":"2026-02-25T10:42:57","slug":"lumanare-parfumata-love-ginger-warm-vanilla","status":"publish","type":"product","link":"https:\/\/moi-dom.md\/ro\/produs\/lumanare-parfumata-love-ginger-warm-vanilla\/","title":{"rendered":"Lum\u00e2nare parfumat\u0103 L\u2019Ove Ginger &amp; Warm Vanilla"},"content":{"rendered":"<p class=\"p1\">Lum\u00e2narea parfumat\u0103 L\u2019Ove Ginger &amp; Warm Vanilla este o lum\u00e2nare decorativ\u0103 \u00een form\u0103 de ou, cu parfum cald de ghimbir \u0219i vanilie. Lum\u00e2narea pentru cas\u0103 creeaz\u0103 o atmosfer\u0103 confortabil\u0103 \u0219i relaxant\u0103. Recipientul din sticl\u0103 texturat\u0103 cu capac completeaz\u0103 decorul \u0219i este potrivit pentru living sau dormitor. Lum\u00e2narea parfumat\u0103 este ideal\u0103 pentru cadou sau decor sezonier.    <\/p>\n","protected":false},"excerpt":{"rendered":"<p class=\"p1\">Lum\u00e2nare parfumat\u0103 cu arom\u0103 cald\u0103 de ghimbir \u0219i vanilie.<\/p>\n","protected":false},"featured_media":10973,"template":"","meta":[],"product_brand":[],"product_cat":[237,1027,808],"product_tag":[],"class_list":{"0":"post-10976","1":"product","2":"type-product","3":"status-publish","4":"has-post-thumbnail","6":"product_cat-dekor-dlya-doma","7":"product_cat-pashalnyy-dekor","8":"product_cat-svechi-i-podsvechniki","9":"pa_brand-edg-enzo-de-gasperi","10":"pa_size-o8x12-","12":"first","13":"instock","14":"shipping-taxable","15":"purchasable","16":"product-type-simple"},"_links":{"self":[{"href":"https:\/\/moi-dom.md\/ro\/wp-json\/wp\/v2\/product\/10976","targetHints":{"allow":["GET"]}}],"collection":[{"href":"https:\/\/moi-dom.md\/ro\/wp-json\/wp\/v2\/product"}],"about":[{"href":"https:\/\/moi-dom.md\/ro\/wp-json\/wp\/v2\/types\/product"}],"version-history":[{"count":0,"href":"https:\/\/moi-dom.md\/ro\/wp-json\/wp\/v2\/product\/10976\/revisions"}],"wp:featuredmedia":[{"embeddable":true,"href":"https:\/\/moi-dom.md\/ro\/wp-json\/wp\/v2\/media\/10973"}],"wp:attachment":[{"href":"https:\/\/moi-dom.md\/ro\/wp-json\/wp\/v2\/media?parent=10976"}],"wp:term":[{"taxonomy":"product_brand","embeddable":true,"href":"https:\/\/moi-dom.md\/ro\/wp-json\/wp\/v2\/product_brand?post=10976"},{"taxonomy":"product_cat","embeddable":true,"href":"https:\/\/moi-dom.md\/ro\/wp-json\/wp\/v2\/product_cat?post=10976"},{"taxonomy":"product_tag","embeddable":true,"href":"https:\/\/moi-dom.md\/ro\/wp-json\/wp\/v2\/product_tag?post=10976"}],"curies":[{"name":"wp","href":"https:\/\/api.w.org\/{rel}","templated":true}]}}