{"id":10956,"date":"2026-02-25T13:02:29","date_gmt":"2026-02-25T10:02:29","guid":{"rendered":"https:\/\/moi-dom.md\/product\/difuzor-pentru-casa-soft-roses-goldlily-230-%d0%bc%d0%bb\/"},"modified":"2026-02-25T13:02:29","modified_gmt":"2026-02-25T10:02:29","slug":"difuzor-pentru-casa-soft-roses-goldlily-230-%d0%bc%d0%bb","status":"publish","type":"product","link":"https:\/\/moi-dom.md\/ro\/produs\/difuzor-pentru-casa-soft-roses-goldlily-230-%d0%bc%d0%bb\/","title":{"rendered":"Difuzor pentru cas\u0103 Soft Roses Goldlily (230 \u043c\u043b)"},"content":{"rendered":"<p class=\"p1\">Difuzorul pentru cas\u0103 Soft Roses 230 ml ofer\u0103 un parfum floral delicat, cu note elegante de trandafir. Difuzorul aromatic cu be\u021bi\u0219oare elibereaz\u0103 treptat aroma, cre\u00e2nd o atmosfer\u0103 romantic\u0103 \u0219i confortabil\u0103. Este potrivit pentru dormitor, living sau dressing, unde se dore\u0219te un parfum pl\u0103cut \u0219i echilibrat. Flaconul din sticl\u0103 de 230 ml completeaz\u0103 decorul \u0219i asigur\u0103 o difuzare constant\u0103 a parfumului. Difuzorul pentru cas\u0103 Soft Roses aduce fine\u021be \u0219i rafinament \u00een orice spa\u021biu.    <\/p>\n","protected":false},"excerpt":{"rendered":"<p class=\"p1\">Difuzor pentru cas\u0103 Soft Roses 230 ml cu parfum floral de trandafir delicat.<\/p>\n","protected":false},"featured_media":10953,"template":"","meta":[],"product_brand":[],"product_cat":[1052],"product_tag":[],"class_list":{"0":"post-10956","1":"product","2":"type-product","3":"status-publish","4":"has-post-thumbnail","6":"product_cat-arome-pentru-casa","7":"pa_brand-edg-enzo-de-gasperi","8":"pa_volume-230-ml","10":"first","11":"instock","12":"shipping-taxable","13":"purchasable","14":"product-type-simple"},"_links":{"self":[{"href":"https:\/\/moi-dom.md\/ro\/wp-json\/wp\/v2\/product\/10956","targetHints":{"allow":["GET"]}}],"collection":[{"href":"https:\/\/moi-dom.md\/ro\/wp-json\/wp\/v2\/product"}],"about":[{"href":"https:\/\/moi-dom.md\/ro\/wp-json\/wp\/v2\/types\/product"}],"version-history":[{"count":0,"href":"https:\/\/moi-dom.md\/ro\/wp-json\/wp\/v2\/product\/10956\/revisions"}],"wp:featuredmedia":[{"embeddable":true,"href":"https:\/\/moi-dom.md\/ro\/wp-json\/wp\/v2\/media\/10953"}],"wp:attachment":[{"href":"https:\/\/moi-dom.md\/ro\/wp-json\/wp\/v2\/media?parent=10956"}],"wp:term":[{"taxonomy":"product_brand","embeddable":true,"href":"https:\/\/moi-dom.md\/ro\/wp-json\/wp\/v2\/product_brand?post=10956"},{"taxonomy":"product_cat","embeddable":true,"href":"https:\/\/moi-dom.md\/ro\/wp-json\/wp\/v2\/product_cat?post=10956"},{"taxonomy":"product_tag","embeddable":true,"href":"https:\/\/moi-dom.md\/ro\/wp-json\/wp\/v2\/product_tag?post=10956"}],"curies":[{"name":"wp","href":"https:\/\/api.w.org\/{rel}","templated":true}]}}