{"id":10951,"date":"2026-02-25T12:50:04","date_gmt":"2026-02-25T09:50:04","guid":{"rendered":"https:\/\/moi-dom.md\/product\/parfum-pentru-garderoba-olive-flower\/"},"modified":"2026-02-25T12:50:04","modified_gmt":"2026-02-25T09:50:04","slug":"parfum-pentru-garderoba-olive-flower","status":"publish","type":"product","link":"https:\/\/moi-dom.md\/ro\/produs\/parfum-pentru-garderoba-olive-flower\/","title":{"rendered":"Parfum pentru garderob\u0103 Olive Flower"},"content":{"rendered":"<p class=\"p1\">Parfumul pentru garderob\u0103 Olive Flower este conceput pentru spa\u021bii mici precum dulap, dressing, ma\u0219in\u0103 sau hol. Aroma floral\u0103 delicat\u0103, cu accente verzi, ofer\u0103 prospe\u021bime \u0219i senza\u021bia de cur\u0103\u021benie. Formatul compact este ideal pentru \u00eenc\u0103peri \u00eenchise unde este nevoie de un parfum discret \u0219i echilibrat. Olive Flower adaug\u0103 elegan\u021b\u0103 \u0219i prospe\u021bime spa\u021biului f\u0103r\u0103 a fi prea intens.   <\/p>\n","protected":false},"excerpt":{"rendered":"<p class=\"p1\">Parfum compact Olive Flower pentru garderob\u0103, dulap sau ma\u0219in\u0103.<\/p>\n","protected":false},"featured_media":10948,"template":"","meta":[],"product_brand":[],"product_cat":[1051],"product_tag":[],"class_list":{"0":"post-10951","1":"product","2":"type-product","3":"status-publish","4":"has-post-thumbnail","6":"product_cat-aromaty-dlya-doma","7":"pa_brand-edg-enzo-de-gasperi","9":"first","10":"instock","11":"shipping-taxable","12":"purchasable","13":"product-type-simple"},"_links":{"self":[{"href":"https:\/\/moi-dom.md\/ro\/wp-json\/wp\/v2\/product\/10951","targetHints":{"allow":["GET"]}}],"collection":[{"href":"https:\/\/moi-dom.md\/ro\/wp-json\/wp\/v2\/product"}],"about":[{"href":"https:\/\/moi-dom.md\/ro\/wp-json\/wp\/v2\/types\/product"}],"version-history":[{"count":0,"href":"https:\/\/moi-dom.md\/ro\/wp-json\/wp\/v2\/product\/10951\/revisions"}],"wp:featuredmedia":[{"embeddable":true,"href":"https:\/\/moi-dom.md\/ro\/wp-json\/wp\/v2\/media\/10948"}],"wp:attachment":[{"href":"https:\/\/moi-dom.md\/ro\/wp-json\/wp\/v2\/media?parent=10951"}],"wp:term":[{"taxonomy":"product_brand","embeddable":true,"href":"https:\/\/moi-dom.md\/ro\/wp-json\/wp\/v2\/product_brand?post=10951"},{"taxonomy":"product_cat","embeddable":true,"href":"https:\/\/moi-dom.md\/ro\/wp-json\/wp\/v2\/product_cat?post=10951"},{"taxonomy":"product_tag","embeddable":true,"href":"https:\/\/moi-dom.md\/ro\/wp-json\/wp\/v2\/product_tag?post=10951"}],"curies":[{"name":"wp","href":"https:\/\/api.w.org\/{rel}","templated":true}]}}