{"id":10941,"date":"2026-02-25T12:21:21","date_gmt":"2026-02-25T09:21:21","guid":{"rendered":"https:\/\/moi-dom.md\/product\/difuzor-pentru-casa-terra-di-sicilia-500-ml\/"},"modified":"2026-02-25T12:21:21","modified_gmt":"2026-02-25T09:21:21","slug":"difuzor-pentru-casa-terra-di-sicilia-500-ml","status":"publish","type":"product","link":"https:\/\/moi-dom.md\/ro\/produs\/difuzor-pentru-casa-terra-di-sicilia-500-ml\/","title":{"rendered":"Difuzor pentru cas\u0103 Terra di Sicilia (500 ml)"},"content":{"rendered":"<p class=\"p1\">Difuzorul pentru cas\u0103 Terra di Sicilia este inspirat de peisajele \u00eensorite din sudul Italiei. Difuzorul aromatic cu be\u021bi\u0219oare elibereaz\u0103 treptat un parfum proasp\u0103t, cu accente citrice \u0219i verzi. Este potrivit pentru living, buc\u0103t\u0103rie sau spa\u021bii luminoase unde se dore\u0219te o atmosfer\u0103 aerisit\u0103 \u0219i pl\u0103cut\u0103. Flaconul din sticl\u0103 de 500 ml completeaz\u0103 elegant decorul \u0219i asigur\u0103 o difuzare constant\u0103 a parfumului. Difuzorul pentru cas\u0103 Terra di Sicilia aduce prospe\u021bime \u0219i energie \u00een orice interior.    <\/p>\n","protected":false},"excerpt":{"rendered":"<p class=\"p1\">Difuzor pentru cas\u0103 Terra di Sicilia 500 ml cu parfum proasp\u0103t, citric \u0219i verde.<\/p>\n","protected":false},"featured_media":10938,"template":"","meta":[],"product_brand":[],"product_cat":[1051],"product_tag":[],"class_list":{"0":"post-10941","1":"product","2":"type-product","3":"status-publish","4":"has-post-thumbnail","6":"product_cat-aromaty-dlya-doma","7":"pa_brand-edg-enzo-de-gasperi","8":"pa_volume-500-","10":"first","11":"instock","12":"shipping-taxable","13":"purchasable","14":"product-type-simple"},"_links":{"self":[{"href":"https:\/\/moi-dom.md\/ro\/wp-json\/wp\/v2\/product\/10941","targetHints":{"allow":["GET"]}}],"collection":[{"href":"https:\/\/moi-dom.md\/ro\/wp-json\/wp\/v2\/product"}],"about":[{"href":"https:\/\/moi-dom.md\/ro\/wp-json\/wp\/v2\/types\/product"}],"version-history":[{"count":0,"href":"https:\/\/moi-dom.md\/ro\/wp-json\/wp\/v2\/product\/10941\/revisions"}],"wp:featuredmedia":[{"embeddable":true,"href":"https:\/\/moi-dom.md\/ro\/wp-json\/wp\/v2\/media\/10938"}],"wp:attachment":[{"href":"https:\/\/moi-dom.md\/ro\/wp-json\/wp\/v2\/media?parent=10941"}],"wp:term":[{"taxonomy":"product_brand","embeddable":true,"href":"https:\/\/moi-dom.md\/ro\/wp-json\/wp\/v2\/product_brand?post=10941"},{"taxonomy":"product_cat","embeddable":true,"href":"https:\/\/moi-dom.md\/ro\/wp-json\/wp\/v2\/product_cat?post=10941"},{"taxonomy":"product_tag","embeddable":true,"href":"https:\/\/moi-dom.md\/ro\/wp-json\/wp\/v2\/product_tag?post=10941"}],"curies":[{"name":"wp","href":"https:\/\/api.w.org\/{rel}","templated":true}]}}