{"id":10920,"date":"2026-02-25T11:17:58","date_gmt":"2026-02-25T08:17:58","guid":{"rendered":"https:\/\/moi-dom.md\/product\/difuzor-pentru-casa-moroccan-amber-agadir-300-ml\/"},"modified":"2026-02-25T11:17:58","modified_gmt":"2026-02-25T08:17:58","slug":"difuzor-pentru-casa-moroccan-amber-agadir-300-ml","status":"publish","type":"product","link":"https:\/\/moi-dom.md\/ro\/produs\/difuzor-pentru-casa-moroccan-amber-agadir-300-ml\/","title":{"rendered":"Difuzor pentru cas\u0103 Moroccan Amber Agadir (300 ml)"},"content":{"rendered":"<p class=\"p1\">Difuzorul Moroccan Amber din colec\u021bia Agadir ofer\u0103 un parfum cald, oriental, cu note de ambr\u0103 \u0219i lemn. Creeaz\u0103 o atmosfer\u0103 confortabil\u0103 \u0219i rafinat\u0103 \u00een orice \u00eenc\u0103pere. Ideal pentru living sau dormitor.  <\/p>\n","protected":false},"excerpt":{"rendered":"<p class=\"p1\">Difuzor aromatic cu note de ambr\u0103 \u0219i lemn \u00een sticl\u0103 decorativ\u0103 din colec\u021bia Agadir. Parfum cald \u0219i elegant pentru cas\u0103. <\/p>\n","protected":false},"featured_media":10917,"template":"","meta":[],"product_brand":[],"product_cat":[1052],"product_tag":[],"class_list":{"0":"post-10920","1":"product","2":"type-product","3":"status-publish","4":"has-post-thumbnail","6":"product_cat-arome-pentru-casa","7":"pa_brand-edg-enzo-de-gasperi","8":"pa_volume-300-ml","10":"first","11":"instock","12":"shipping-taxable","13":"purchasable","14":"product-type-simple"},"_links":{"self":[{"href":"https:\/\/moi-dom.md\/ro\/wp-json\/wp\/v2\/product\/10920","targetHints":{"allow":["GET"]}}],"collection":[{"href":"https:\/\/moi-dom.md\/ro\/wp-json\/wp\/v2\/product"}],"about":[{"href":"https:\/\/moi-dom.md\/ro\/wp-json\/wp\/v2\/types\/product"}],"version-history":[{"count":0,"href":"https:\/\/moi-dom.md\/ro\/wp-json\/wp\/v2\/product\/10920\/revisions"}],"wp:featuredmedia":[{"embeddable":true,"href":"https:\/\/moi-dom.md\/ro\/wp-json\/wp\/v2\/media\/10917"}],"wp:attachment":[{"href":"https:\/\/moi-dom.md\/ro\/wp-json\/wp\/v2\/media?parent=10920"}],"wp:term":[{"taxonomy":"product_brand","embeddable":true,"href":"https:\/\/moi-dom.md\/ro\/wp-json\/wp\/v2\/product_brand?post=10920"},{"taxonomy":"product_cat","embeddable":true,"href":"https:\/\/moi-dom.md\/ro\/wp-json\/wp\/v2\/product_cat?post=10920"},{"taxonomy":"product_tag","embeddable":true,"href":"https:\/\/moi-dom.md\/ro\/wp-json\/wp\/v2\/product_tag?post=10920"}],"curies":[{"name":"wp","href":"https:\/\/api.w.org\/{rel}","templated":true}]}}