{"id":10907,"date":"2026-02-24T18:45:45","date_gmt":"2026-02-24T15:45:45","guid":{"rendered":"https:\/\/moi-dom.md\/product\/difuzor-pentru-casa-oud-agadir-300-ml\/"},"modified":"2026-02-25T11:50:23","modified_gmt":"2026-02-25T08:50:23","slug":"difuzor-pentru-casa-oud-agadir-300-ml","status":"publish","type":"product","link":"https:\/\/moi-dom.md\/ro\/produs\/difuzor-pentru-casa-oud-agadir-300-ml\/","title":{"rendered":"Difuzor pentru cas\u0103 Oud Agadir (300 ml)"},"content":{"rendered":"<p class=\"p1\">Difuzor pentru cas\u0103 Oud Agadir (300 ml) \u2014 este un parfum lemnos, intens \u0219i elegant, care aduce profunzime \u0219i rafinament \u00een orice \u00eenc\u0103pere. Creeaz\u0103 o atmosfer\u0103 cald\u0103 \u0219i sofisticat\u0103, potrivit\u0103 pentru living, dormitor sau birou.  <\/p>\n","protected":false},"excerpt":{"rendered":"<p class=\"p1\">Difuzor pentru cas\u0103 Oud \u00een sticl\u0103 decorativ\u0103 din colec\u021bia Agadir. Accent lemnos \u0219i elegant pentru interior. <\/p>\n","protected":false},"featured_media":10906,"template":"","meta":[],"product_brand":[],"product_cat":[1051],"product_tag":[],"class_list":{"0":"post-10907","1":"product","2":"type-product","3":"status-publish","4":"has-post-thumbnail","6":"product_cat-aromaty-dlya-doma","7":"pa_brand-edg-enzo-de-gasperi","8":"pa_volume-300-","10":"first","11":"instock","12":"shipping-taxable","13":"purchasable","14":"product-type-simple"},"_links":{"self":[{"href":"https:\/\/moi-dom.md\/ro\/wp-json\/wp\/v2\/product\/10907","targetHints":{"allow":["GET"]}}],"collection":[{"href":"https:\/\/moi-dom.md\/ro\/wp-json\/wp\/v2\/product"}],"about":[{"href":"https:\/\/moi-dom.md\/ro\/wp-json\/wp\/v2\/types\/product"}],"version-history":[{"count":1,"href":"https:\/\/moi-dom.md\/ro\/wp-json\/wp\/v2\/product\/10907\/revisions"}],"predecessor-version":[{"id":10929,"href":"https:\/\/moi-dom.md\/ro\/wp-json\/wp\/v2\/product\/10907\/revisions\/10929"}],"wp:featuredmedia":[{"embeddable":true,"href":"https:\/\/moi-dom.md\/ro\/wp-json\/wp\/v2\/media\/10906"}],"wp:attachment":[{"href":"https:\/\/moi-dom.md\/ro\/wp-json\/wp\/v2\/media?parent=10907"}],"wp:term":[{"taxonomy":"product_brand","embeddable":true,"href":"https:\/\/moi-dom.md\/ro\/wp-json\/wp\/v2\/product_brand?post=10907"},{"taxonomy":"product_cat","embeddable":true,"href":"https:\/\/moi-dom.md\/ro\/wp-json\/wp\/v2\/product_cat?post=10907"},{"taxonomy":"product_tag","embeddable":true,"href":"https:\/\/moi-dom.md\/ro\/wp-json\/wp\/v2\/product_tag?post=10907"}],"curies":[{"name":"wp","href":"https:\/\/api.w.org\/{rel}","templated":true}]}}