{"id":10895,"date":"2026-02-24T18:31:24","date_gmt":"2026-02-24T15:31:24","guid":{"rendered":"https:\/\/moi-dom.md\/?post_type=product&#038;p=10895"},"modified":"2026-02-25T11:40:39","modified_gmt":"2026-02-25T08:40:39","slug":"difuzor-pentru-casa-green-utopia-250-ml-%d0%ba%d0%be%d0%bf%d0%b8%d1%80%d0%be%d0%b2%d0%b0%d1%82%d1%8c","status":"publish","type":"product","link":"https:\/\/moi-dom.md\/ro\/produs\/difuzor-pentru-casa-green-utopia-250-ml-%d0%ba%d0%be%d0%bf%d0%b8%d1%80%d0%be%d0%b2%d0%b0%d1%82%d1%8c\/","title":{"rendered":"Difuzor pentru cas\u0103 Green Utopia Agadir (300 ml)"},"content":{"rendered":"<p class=\"p1\">Difuzor pentru cas\u0103 Green Utopia Agadir (300 ml) \u2014 proasp\u0103t \u0219i armonios, dar \u00eentr-o sticl\u0103 decorativ\u0103 din colec\u021bia Agadir. Difuzorul completeaz\u0103 interiorul ca un obiect de decor \u0219i parfumeaz\u0103 discret \u00eenc\u0103perea. Ideal pentru living, dormitor sau cadou.  <\/p>\n","protected":false},"excerpt":{"rendered":"<p class=\"p1\">Difuzor pentru cas\u0103 Green Utopia \u00een sticl\u0103 decorativ\u0103 din colec\u021bia Agadir. Parfum proasp\u0103t \u0219i accent elegant \u00een interior. <\/p>\n","protected":false},"featured_media":10899,"template":"","meta":[],"product_brand":[],"product_cat":[1051],"product_tag":[],"class_list":{"0":"post-10895","1":"product","2":"type-product","3":"status-publish","4":"has-post-thumbnail","6":"product_cat-aromaty-dlya-doma","7":"pa_brand-edg-enzo-de-gasperi","8":"pa_volume-300-","10":"first","11":"instock","12":"shipping-taxable","13":"purchasable","14":"product-type-simple"},"_links":{"self":[{"href":"https:\/\/moi-dom.md\/ro\/wp-json\/wp\/v2\/product\/10895","targetHints":{"allow":["GET"]}}],"collection":[{"href":"https:\/\/moi-dom.md\/ro\/wp-json\/wp\/v2\/product"}],"about":[{"href":"https:\/\/moi-dom.md\/ro\/wp-json\/wp\/v2\/types\/product"}],"version-history":[{"count":4,"href":"https:\/\/moi-dom.md\/ro\/wp-json\/wp\/v2\/product\/10895\/revisions"}],"predecessor-version":[{"id":10927,"href":"https:\/\/moi-dom.md\/ro\/wp-json\/wp\/v2\/product\/10895\/revisions\/10927"}],"wp:featuredmedia":[{"embeddable":true,"href":"https:\/\/moi-dom.md\/ro\/wp-json\/wp\/v2\/media\/10899"}],"wp:attachment":[{"href":"https:\/\/moi-dom.md\/ro\/wp-json\/wp\/v2\/media?parent=10895"}],"wp:term":[{"taxonomy":"product_brand","embeddable":true,"href":"https:\/\/moi-dom.md\/ro\/wp-json\/wp\/v2\/product_brand?post=10895"},{"taxonomy":"product_cat","embeddable":true,"href":"https:\/\/moi-dom.md\/ro\/wp-json\/wp\/v2\/product_cat?post=10895"},{"taxonomy":"product_tag","embeddable":true,"href":"https:\/\/moi-dom.md\/ro\/wp-json\/wp\/v2\/product_tag?post=10895"}],"curies":[{"name":"wp","href":"https:\/\/api.w.org\/{rel}","templated":true}]}}