{"id":10893,"date":"2026-02-24T18:26:45","date_gmt":"2026-02-24T15:26:45","guid":{"rendered":"https:\/\/moi-dom.md\/product\/difuzor-pentru-casa-green-utopia-250-ml\/"},"modified":"2026-02-25T11:36:17","modified_gmt":"2026-02-25T08:36:17","slug":"difuzor-pentru-casa-green-utopia-250-ml","status":"publish","type":"product","link":"https:\/\/moi-dom.md\/ro\/produs\/difuzor-pentru-casa-green-utopia-250-ml\/","title":{"rendered":"Difuzor pentru cas\u0103 Green Utopia (250 ml)"},"content":{"rendered":"<p class=\"p1\">Green Utopia este un parfum proasp\u0103t \u0219i elegant, care aduce senza\u021bia de cur\u0103\u021benie \u0219i echilibru \u00een orice \u00eenc\u0103pere. Creeaz\u0103 o atmosfer\u0103 rafinat\u0103 \u0219i relaxant\u0103, potrivit\u0103 pentru living, dormitor sau birou.  <\/p>\n","protected":false},"excerpt":{"rendered":"<p class=\"p1\">Difuzor aromatic pentru o ambian\u021b\u0103 proasp\u0103t\u0103 \u0219i armonioas\u0103 \u00een cas\u0103. Completeaz\u0103 interiorul cu un parfum elegant. <\/p>\n","protected":false},"featured_media":10892,"template":"","meta":[],"product_brand":[],"product_cat":[1051],"product_tag":[],"class_list":{"0":"post-10893","1":"product","2":"type-product","3":"status-publish","4":"has-post-thumbnail","6":"product_cat-aromaty-dlya-doma","7":"pa_brand-edg-enzo-de-gasperi","8":"pa_volume-250-","10":"first","11":"instock","12":"shipping-taxable","13":"purchasable","14":"product-type-simple"},"_links":{"self":[{"href":"https:\/\/moi-dom.md\/ro\/wp-json\/wp\/v2\/product\/10893","targetHints":{"allow":["GET"]}}],"collection":[{"href":"https:\/\/moi-dom.md\/ro\/wp-json\/wp\/v2\/product"}],"about":[{"href":"https:\/\/moi-dom.md\/ro\/wp-json\/wp\/v2\/types\/product"}],"version-history":[{"count":1,"href":"https:\/\/moi-dom.md\/ro\/wp-json\/wp\/v2\/product\/10893\/revisions"}],"predecessor-version":[{"id":10924,"href":"https:\/\/moi-dom.md\/ro\/wp-json\/wp\/v2\/product\/10893\/revisions\/10924"}],"wp:featuredmedia":[{"embeddable":true,"href":"https:\/\/moi-dom.md\/ro\/wp-json\/wp\/v2\/media\/10892"}],"wp:attachment":[{"href":"https:\/\/moi-dom.md\/ro\/wp-json\/wp\/v2\/media?parent=10893"}],"wp:term":[{"taxonomy":"product_brand","embeddable":true,"href":"https:\/\/moi-dom.md\/ro\/wp-json\/wp\/v2\/product_brand?post=10893"},{"taxonomy":"product_cat","embeddable":true,"href":"https:\/\/moi-dom.md\/ro\/wp-json\/wp\/v2\/product_cat?post=10893"},{"taxonomy":"product_tag","embeddable":true,"href":"https:\/\/moi-dom.md\/ro\/wp-json\/wp\/v2\/product_tag?post=10893"}],"curies":[{"name":"wp","href":"https:\/\/api.w.org\/{rel}","templated":true}]}}