{"id":10887,"date":"2026-02-23T16:12:38","date_gmt":"2026-02-23T13:12:38","guid":{"rendered":"https:\/\/moi-dom.md\/product\/difuzor-pentru-casa-wild-ginger-500-ml\/"},"modified":"2026-02-25T11:34:53","modified_gmt":"2026-02-25T08:34:53","slug":"difuzor-pentru-casa-wild-ginger-500-ml","status":"publish","type":"product","link":"https:\/\/moi-dom.md\/ro\/produs\/difuzor-pentru-casa-wild-ginger-500-ml\/","title":{"rendered":"Difuzor pentru cas\u0103 Wild Ginger (500 ml)"},"content":{"rendered":"<p class=\"p1\">Difuzorul pentru cas\u0103 Wild Ginger (500 ml) este o solu\u021bie practic\u0103 pentru parfumarea spa\u021biului. Compozi\u021bia cu note calde \u0219i condimentate creeaz\u0103 o atmosfer\u0103 confortabil\u0103 \u0219i echilibrat\u0103. Potrivit pentru living, dormitor sau birou. Intensitatea poate fi reglat\u0103 prin num\u0103rul de be\u021bi\u0219oare utilizate.   <\/p>\n","protected":false},"excerpt":{"rendered":"<p class=\"p1\">Arom\u0103 cald\u0103 \u0219i condimentat\u0103 Wild Ginger. Creeaz\u0103 o atmosfer\u0103 pl\u0103cut\u0103 \u0219i confortabil\u0103 \u00een orice \u00eenc\u0103pere. <\/p>\n","protected":false},"featured_media":10886,"template":"","meta":[],"product_brand":[],"product_cat":[1052],"product_tag":[],"class_list":{"0":"post-10887","1":"product","2":"type-product","3":"status-publish","4":"has-post-thumbnail","6":"product_cat-arome-pentru-casa","7":"pa_brand-edg-enzo-de-gasperi","8":"pa_volume-500-ml","10":"first","11":"instock","12":"shipping-taxable","13":"purchasable","14":"product-type-simple"},"_links":{"self":[{"href":"https:\/\/moi-dom.md\/ro\/wp-json\/wp\/v2\/product\/10887","targetHints":{"allow":["GET"]}}],"collection":[{"href":"https:\/\/moi-dom.md\/ro\/wp-json\/wp\/v2\/product"}],"about":[{"href":"https:\/\/moi-dom.md\/ro\/wp-json\/wp\/v2\/types\/product"}],"version-history":[{"count":1,"href":"https:\/\/moi-dom.md\/ro\/wp-json\/wp\/v2\/product\/10887\/revisions"}],"predecessor-version":[{"id":10923,"href":"https:\/\/moi-dom.md\/ro\/wp-json\/wp\/v2\/product\/10887\/revisions\/10923"}],"wp:featuredmedia":[{"embeddable":true,"href":"https:\/\/moi-dom.md\/ro\/wp-json\/wp\/v2\/media\/10886"}],"wp:attachment":[{"href":"https:\/\/moi-dom.md\/ro\/wp-json\/wp\/v2\/media?parent=10887"}],"wp:term":[{"taxonomy":"product_brand","embeddable":true,"href":"https:\/\/moi-dom.md\/ro\/wp-json\/wp\/v2\/product_brand?post=10887"},{"taxonomy":"product_cat","embeddable":true,"href":"https:\/\/moi-dom.md\/ro\/wp-json\/wp\/v2\/product_cat?post=10887"},{"taxonomy":"product_tag","embeddable":true,"href":"https:\/\/moi-dom.md\/ro\/wp-json\/wp\/v2\/product_tag?post=10887"}],"curies":[{"name":"wp","href":"https:\/\/api.w.org\/{rel}","templated":true}]}}