{"id":10850,"date":"2026-02-22T16:48:17","date_gmt":"2026-02-22T13:48:17","guid":{"rendered":"https:\/\/moi-dom.md\/?post_type=product&#038;p=10850"},"modified":"2026-02-22T16:50:28","modified_gmt":"2026-02-22T13:50:28","slug":"glob-decorativ-pasqua-cu-led-muzica-si-miscare-%d0%ba%d0%be%d0%bf%d0%b8%d1%80%d0%be%d0%b2%d0%b0%d1%82%d1%8c","status":"publish","type":"product","link":"https:\/\/moi-dom.md\/ro\/produs\/glob-decorativ-pasqua-cu-led-muzica-si-miscare-%d0%ba%d0%be%d0%bf%d0%b8%d1%80%d0%be%d0%b2%d0%b0%d1%82%d1%8c\/","title":{"rendered":"Glob decorativ Pasqua cu LED, muzic\u0103 \u0219i mi\u0219care"},"content":{"rendered":"<p class=\"p1\">Glob decorativ cu ap\u0103 Pasqua cu scen\u0103 pascal\u0103, iluminare LED, muzic\u0103 \u0219i efect de mi\u0219care. La activare, scena prinde via\u021b\u0103 prin lumin\u0103 \u0219i sunet. Cu o \u00een\u0103l\u021bime de 10,5 cm, globul este compact \u0219i u\u0219or de a\u0219ezat pe un raft, o consol\u0103 sau o mas\u0103 de s\u0103rb\u0103toare.  <\/p>\n","protected":false},"excerpt":{"rendered":"<p class=\"p1\">Glob de Pa\u0219te cu LED, muzic\u0103 \u0219i mi\u0219care.<\/p>\n","protected":false},"featured_media":10853,"template":"","meta":[],"product_brand":[],"product_cat":[1027,237],"product_tag":[],"class_list":{"0":"post-10850","1":"product","2":"type-product","3":"status-publish","4":"has-post-thumbnail","6":"product_cat-pashalnyy-dekor","7":"product_cat-dekor-dlya-doma","8":"pa_brand-edg-enzo-de-gasperi","9":"pa_size-o11x165-","11":"first","12":"instock","13":"shipping-taxable","14":"purchasable","15":"product-type-simple"},"_links":{"self":[{"href":"https:\/\/moi-dom.md\/ro\/wp-json\/wp\/v2\/product\/10850","targetHints":{"allow":["GET"]}}],"collection":[{"href":"https:\/\/moi-dom.md\/ro\/wp-json\/wp\/v2\/product"}],"about":[{"href":"https:\/\/moi-dom.md\/ro\/wp-json\/wp\/v2\/types\/product"}],"version-history":[{"count":2,"href":"https:\/\/moi-dom.md\/ro\/wp-json\/wp\/v2\/product\/10850\/revisions"}],"predecessor-version":[{"id":10855,"href":"https:\/\/moi-dom.md\/ro\/wp-json\/wp\/v2\/product\/10850\/revisions\/10855"}],"wp:featuredmedia":[{"embeddable":true,"href":"https:\/\/moi-dom.md\/ro\/wp-json\/wp\/v2\/media\/10853"}],"wp:attachment":[{"href":"https:\/\/moi-dom.md\/ro\/wp-json\/wp\/v2\/media?parent=10850"}],"wp:term":[{"taxonomy":"product_brand","embeddable":true,"href":"https:\/\/moi-dom.md\/ro\/wp-json\/wp\/v2\/product_brand?post=10850"},{"taxonomy":"product_cat","embeddable":true,"href":"https:\/\/moi-dom.md\/ro\/wp-json\/wp\/v2\/product_cat?post=10850"},{"taxonomy":"product_tag","embeddable":true,"href":"https:\/\/moi-dom.md\/ro\/wp-json\/wp\/v2\/product_tag?post=10850"}],"curies":[{"name":"wp","href":"https:\/\/api.w.org\/{rel}","templated":true}]}}