{"id":10832,"date":"2026-02-22T16:06:27","date_gmt":"2026-02-22T13:06:27","guid":{"rendered":"https:\/\/moi-dom.md\/product\/ou-decorativ-iepuras\/"},"modified":"2026-02-22T16:06:27","modified_gmt":"2026-02-22T13:06:27","slug":"ou-decorativ-iepuras","status":"publish","type":"product","link":"https:\/\/moi-dom.md\/ro\/produs\/ou-decorativ-iepuras\/","title":{"rendered":"Ou decorativ Iepura\u0219"},"content":{"rendered":"<p class=\"p1\">Compozi\u021bie decorativ\u0103 \u00een form\u0103 de ou de Pa\u0219te cu figurina unui iepura\u0219 \u00een interior. Designul tip \u201eou deschis\u201d cu panglici \u0219i detalii pastelate creeaz\u0103 un efect de vitrin\u0103 elegant\u0103 \u0219i prim\u0103v\u0103ratic\u0103. Cu o \u00een\u0103l\u021bime de 33 cm, este potrivit ca pies\u0103 central\u0103 pentru decorul casei, al mesei festive sau al unei zone foto.  <\/p>\n","protected":false},"excerpt":{"rendered":"<p class=\"p1\">Ou decorativ de Pa\u0219te cu iepura\u0219 \u00een interior. Accent central pentru decorul de prim\u0103var\u0103. <\/p>\n","protected":false},"featured_media":10829,"template":"","meta":[],"product_brand":[],"product_cat":[1028,247],"product_tag":[],"class_list":{"0":"post-10832","1":"product","2":"type-product","3":"status-publish","4":"has-post-thumbnail","6":"product_cat-decor-de-paste","7":"product_cat-decor-pentru-casa","8":"pa_brand-edg-enzo-de-gasperi","9":"pa_size-o18x33-cm","11":"first","12":"instock","13":"shipping-taxable","14":"purchasable","15":"product-type-simple"},"_links":{"self":[{"href":"https:\/\/moi-dom.md\/ro\/wp-json\/wp\/v2\/product\/10832","targetHints":{"allow":["GET"]}}],"collection":[{"href":"https:\/\/moi-dom.md\/ro\/wp-json\/wp\/v2\/product"}],"about":[{"href":"https:\/\/moi-dom.md\/ro\/wp-json\/wp\/v2\/types\/product"}],"version-history":[{"count":0,"href":"https:\/\/moi-dom.md\/ro\/wp-json\/wp\/v2\/product\/10832\/revisions"}],"wp:featuredmedia":[{"embeddable":true,"href":"https:\/\/moi-dom.md\/ro\/wp-json\/wp\/v2\/media\/10829"}],"wp:attachment":[{"href":"https:\/\/moi-dom.md\/ro\/wp-json\/wp\/v2\/media?parent=10832"}],"wp:term":[{"taxonomy":"product_brand","embeddable":true,"href":"https:\/\/moi-dom.md\/ro\/wp-json\/wp\/v2\/product_brand?post=10832"},{"taxonomy":"product_cat","embeddable":true,"href":"https:\/\/moi-dom.md\/ro\/wp-json\/wp\/v2\/product_cat?post=10832"},{"taxonomy":"product_tag","embeddable":true,"href":"https:\/\/moi-dom.md\/ro\/wp-json\/wp\/v2\/product_tag?post=10832"}],"curies":[{"name":"wp","href":"https:\/\/api.w.org\/{rel}","templated":true}]}}