{"id":10827,"date":"2026-02-22T15:58:00","date_gmt":"2026-02-22T12:58:00","guid":{"rendered":"https:\/\/moi-dom.md\/product\/figurina-decorativa-ratusca\/"},"modified":"2026-02-22T15:58:00","modified_gmt":"2026-02-22T12:58:00","slug":"figurina-decorativa-ratusca","status":"publish","type":"product","link":"https:\/\/moi-dom.md\/ro\/produs\/figurina-decorativa-ratusca\/","title":{"rendered":"Figurin\u0103 decorativ\u0103 R\u0103\u021bu\u0219c\u0103"},"content":{"rendered":"<p class=\"p1\">Figurin\u0103 decorativ\u0103 \u00een form\u0103 de r\u0103\u021bu\u0219c\u0103 cu urechi de iepura\u0219 \u2013 un element expresiv pentru decorul de Pa\u0219te. Textura moale, hainele pastelate \u0219i detaliile delicate ofer\u0103 un aspect cald \u0219i prim\u0103v\u0103ratic. Cu o \u00een\u0103l\u021bime de 49 cm, poate fi utilizat\u0103 ca pies\u0103 central\u0103 \u00een decorul casei sau al vitrinei.   <\/p>\n","protected":false},"excerpt":{"rendered":"<p class=\"p1\">Figurin\u0103 de Pa\u0219te \u2013 r\u0103\u021bu\u0219c\u0103 cu urechi de iepura\u0219. Accent decorativ pentru prim\u0103var\u0103. <\/p>\n","protected":false},"featured_media":10824,"template":"","meta":[],"product_brand":[],"product_cat":[1028,247],"product_tag":[],"class_list":{"0":"post-10827","1":"product","2":"type-product","3":"status-publish","4":"has-post-thumbnail","6":"product_cat-decor-de-paste","7":"product_cat-decor-pentru-casa","8":"pa_brand-edg-enzo-de-gasperi","9":"pa_size-inaltime-49-cm","11":"first","12":"instock","13":"shipping-taxable","14":"purchasable","15":"product-type-simple"},"_links":{"self":[{"href":"https:\/\/moi-dom.md\/ro\/wp-json\/wp\/v2\/product\/10827","targetHints":{"allow":["GET"]}}],"collection":[{"href":"https:\/\/moi-dom.md\/ro\/wp-json\/wp\/v2\/product"}],"about":[{"href":"https:\/\/moi-dom.md\/ro\/wp-json\/wp\/v2\/types\/product"}],"version-history":[{"count":0,"href":"https:\/\/moi-dom.md\/ro\/wp-json\/wp\/v2\/product\/10827\/revisions"}],"wp:featuredmedia":[{"embeddable":true,"href":"https:\/\/moi-dom.md\/ro\/wp-json\/wp\/v2\/media\/10824"}],"wp:attachment":[{"href":"https:\/\/moi-dom.md\/ro\/wp-json\/wp\/v2\/media?parent=10827"}],"wp:term":[{"taxonomy":"product_brand","embeddable":true,"href":"https:\/\/moi-dom.md\/ro\/wp-json\/wp\/v2\/product_brand?post=10827"},{"taxonomy":"product_cat","embeddable":true,"href":"https:\/\/moi-dom.md\/ro\/wp-json\/wp\/v2\/product_cat?post=10827"},{"taxonomy":"product_tag","embeddable":true,"href":"https:\/\/moi-dom.md\/ro\/wp-json\/wp\/v2\/product_tag?post=10827"}],"curies":[{"name":"wp","href":"https:\/\/api.w.org\/{rel}","templated":true}]}}