{"id":10822,"date":"2026-02-22T15:49:29","date_gmt":"2026-02-22T12:49:29","guid":{"rendered":"https:\/\/moi-dom.md\/product\/ou-decorativ-pasqua\/"},"modified":"2026-02-22T15:49:29","modified_gmt":"2026-02-22T12:49:29","slug":"ou-decorativ-pasqua","status":"publish","type":"product","link":"https:\/\/moi-dom.md\/ro\/produs\/ou-decorativ-pasqua\/","title":{"rendered":"Ou decorativ Pasqua"},"content":{"rendered":"<p class=\"p1\">Ou decorativ Pasqua cu relief floral multicolor \u00een nuan\u021be pastelate \u0219i fund\u0103 textil\u0103 ampl\u0103. Designul bogat \u0219i detaliile volumetrice creeaz\u0103 un efect elegant \u0219i festiv. Cu o \u00een\u0103l\u021bime de 30 cm, este potrivit ca pies\u0103 central\u0103 pentru decorul de Pa\u0219te \u2013 pe mas\u0103, consol\u0103 sau vitrin\u0103.   <\/p>\n","protected":false},"excerpt":{"rendered":"<p class=\"p1\">Ou decorativ de Pa\u0219te 30 cm cu flori \u00een relief \u0219i fund\u0103 textil\u0103. Accent pentru decorul de prim\u0103var\u0103. <\/p>\n","protected":false},"featured_media":10819,"template":"","meta":[],"product_brand":[],"product_cat":[1027,237],"product_tag":[],"class_list":{"0":"post-10822","1":"product","2":"type-product","3":"status-publish","4":"has-post-thumbnail","6":"product_cat-pashalnyy-dekor","7":"product_cat-dekor-dlya-doma","8":"pa_brand-edg-enzo-de-gasperi","9":"pa_material-polirezinoviy-plastik","10":"pa_size-o16x30-","12":"first","13":"instock","14":"shipping-taxable","15":"purchasable","16":"product-type-simple"},"_links":{"self":[{"href":"https:\/\/moi-dom.md\/ro\/wp-json\/wp\/v2\/product\/10822","targetHints":{"allow":["GET"]}}],"collection":[{"href":"https:\/\/moi-dom.md\/ro\/wp-json\/wp\/v2\/product"}],"about":[{"href":"https:\/\/moi-dom.md\/ro\/wp-json\/wp\/v2\/types\/product"}],"version-history":[{"count":0,"href":"https:\/\/moi-dom.md\/ro\/wp-json\/wp\/v2\/product\/10822\/revisions"}],"wp:featuredmedia":[{"embeddable":true,"href":"https:\/\/moi-dom.md\/ro\/wp-json\/wp\/v2\/media\/10819"}],"wp:attachment":[{"href":"https:\/\/moi-dom.md\/ro\/wp-json\/wp\/v2\/media?parent=10822"}],"wp:term":[{"taxonomy":"product_brand","embeddable":true,"href":"https:\/\/moi-dom.md\/ro\/wp-json\/wp\/v2\/product_brand?post=10822"},{"taxonomy":"product_cat","embeddable":true,"href":"https:\/\/moi-dom.md\/ro\/wp-json\/wp\/v2\/product_cat?post=10822"},{"taxonomy":"product_tag","embeddable":true,"href":"https:\/\/moi-dom.md\/ro\/wp-json\/wp\/v2\/product_tag?post=10822"}],"curies":[{"name":"wp","href":"https:\/\/api.w.org\/{rel}","templated":true}]}}