{"id":10811,"date":"2026-02-22T15:38:18","date_gmt":"2026-02-22T12:38:18","guid":{"rendered":"https:\/\/moi-dom.md\/?post_type=product&#038;p=10811"},"modified":"2026-02-22T15:43:52","modified_gmt":"2026-02-22T12:43:52","slug":"bol-ceramic-fiori-%d0%ba%d0%be%d0%bf%d0%b8%d1%80%d0%be%d0%b2%d0%b0%d1%82%d1%8c-2","status":"publish","type":"product","link":"https:\/\/moi-dom.md\/ro\/produs\/bol-ceramic-fiori-%d0%ba%d0%be%d0%bf%d0%b8%d1%80%d0%be%d0%b2%d0%b0%d1%82%d1%8c-2\/","title":{"rendered":"Bol ceramic Fiori"},"content":{"rendered":"<p class=\"p1\">Bolul ceramic Fiori are form\u0103 de floare cu petale \u00een relief. Nuan\u021ba lila delicat\u0103 cu accente verzi ofer\u0103 un aspect proasp\u0103t \u0219i prim\u0103v\u0103ratic. Diametrul de 10 cm este potrivit pentru bomboane, nuci, sosuri sau por\u021bii mici de desert. Dimensiunea compact\u0103 \u00eel face ideal pentru serviri elegante \u0219i detalii decorative.    <\/p>\n<p class=\"p1\">\n","protected":false},"excerpt":{"rendered":"<p class=\"p1\">Bol mic \u00een form\u0103 de floare. Perfect pentru bomboane \u0219i deserturi mici. <\/p>\n","protected":false},"featured_media":10814,"template":"","meta":[],"product_brand":[],"product_cat":[1028,888,248],"product_tag":[],"class_list":{"0":"post-10811","1":"product","2":"type-product","3":"status-publish","4":"has-post-thumbnail","6":"product_cat-decor-de-paste","7":"product_cat-pentru-servire","8":"product_cat-vesela","9":"pa_brand-edg-enzo-de-gasperi","10":"pa_material-594","11":"pa_size-o10x5-","13":"first","14":"instock","15":"shipping-taxable","16":"purchasable","17":"product-type-simple"},"_links":{"self":[{"href":"https:\/\/moi-dom.md\/ro\/wp-json\/wp\/v2\/product\/10811","targetHints":{"allow":["GET"]}}],"collection":[{"href":"https:\/\/moi-dom.md\/ro\/wp-json\/wp\/v2\/product"}],"about":[{"href":"https:\/\/moi-dom.md\/ro\/wp-json\/wp\/v2\/types\/product"}],"version-history":[{"count":2,"href":"https:\/\/moi-dom.md\/ro\/wp-json\/wp\/v2\/product\/10811\/revisions"}],"predecessor-version":[{"id":10817,"href":"https:\/\/moi-dom.md\/ro\/wp-json\/wp\/v2\/product\/10811\/revisions\/10817"}],"wp:featuredmedia":[{"embeddable":true,"href":"https:\/\/moi-dom.md\/ro\/wp-json\/wp\/v2\/media\/10814"}],"wp:attachment":[{"href":"https:\/\/moi-dom.md\/ro\/wp-json\/wp\/v2\/media?parent=10811"}],"wp:term":[{"taxonomy":"product_brand","embeddable":true,"href":"https:\/\/moi-dom.md\/ro\/wp-json\/wp\/v2\/product_brand?post=10811"},{"taxonomy":"product_cat","embeddable":true,"href":"https:\/\/moi-dom.md\/ro\/wp-json\/wp\/v2\/product_cat?post=10811"},{"taxonomy":"product_tag","embeddable":true,"href":"https:\/\/moi-dom.md\/ro\/wp-json\/wp\/v2\/product_tag?post=10811"}],"curies":[{"name":"wp","href":"https:\/\/api.w.org\/{rel}","templated":true}]}}