{"id":10804,"date":"2026-02-22T15:32:35","date_gmt":"2026-02-22T12:32:35","guid":{"rendered":"https:\/\/moi-dom.md\/?post_type=product&#038;p=10804"},"modified":"2026-02-22T15:43:52","modified_gmt":"2026-02-22T12:43:52","slug":"bol-ceramic-fiori-%d0%ba%d0%be%d0%bf%d0%b8%d1%80%d0%be%d0%b2%d0%b0%d1%82%d1%8c","status":"publish","type":"product","link":"https:\/\/moi-dom.md\/ro\/produs\/bol-ceramic-fiori-%d0%ba%d0%be%d0%bf%d0%b8%d1%80%d0%be%d0%b2%d0%b0%d1%82%d1%8c\/","title":{"rendered":"Bol ceramic Fiori"},"content":{"rendered":"<p class=\"p1\">Bolul ceramic Fiori este realizat \u00een form\u0103 de floare, cu petale \u00een relief. Nuan\u021ba crem cu accente verde salvie ofer\u0103 un aspect delicat \u0219i proasp\u0103t. Diametrul de 14 cm \u00eel face potrivit pentru deserturi, nuci, fructe sau gust\u0103ri. Forma decorativ\u0103 \u00eel transform\u0103 \u00eentr-un element de servire elegant.    <\/p>\n<p class=\"p1\">\n","protected":false},"excerpt":{"rendered":"<p class=\"p1\">Bol ceramic \u00een form\u0103 de floare. Perfect pentru deserturi \u0219i servire de prim\u0103var\u0103. <\/p>\n","protected":false},"featured_media":10806,"template":"","meta":[],"product_brand":[],"product_cat":[1028,888,248],"product_tag":[],"class_list":{"0":"post-10804","1":"product","2":"type-product","3":"status-publish","4":"has-post-thumbnail","6":"product_cat-decor-de-paste","7":"product_cat-pentru-servire","8":"product_cat-vesela","9":"pa_brand-edg-enzo-de-gasperi","10":"pa_material-ceramica","11":"pa_size-o14x6-cm","13":"first","14":"instock","15":"shipping-taxable","16":"purchasable","17":"product-type-simple"},"_links":{"self":[{"href":"https:\/\/moi-dom.md\/ro\/wp-json\/wp\/v2\/product\/10804","targetHints":{"allow":["GET"]}}],"collection":[{"href":"https:\/\/moi-dom.md\/ro\/wp-json\/wp\/v2\/product"}],"about":[{"href":"https:\/\/moi-dom.md\/ro\/wp-json\/wp\/v2\/types\/product"}],"version-history":[{"count":2,"href":"https:\/\/moi-dom.md\/ro\/wp-json\/wp\/v2\/product\/10804\/revisions"}],"predecessor-version":[{"id":10809,"href":"https:\/\/moi-dom.md\/ro\/wp-json\/wp\/v2\/product\/10804\/revisions\/10809"}],"wp:featuredmedia":[{"embeddable":true,"href":"https:\/\/moi-dom.md\/ro\/wp-json\/wp\/v2\/media\/10806"}],"wp:attachment":[{"href":"https:\/\/moi-dom.md\/ro\/wp-json\/wp\/v2\/media?parent=10804"}],"wp:term":[{"taxonomy":"product_brand","embeddable":true,"href":"https:\/\/moi-dom.md\/ro\/wp-json\/wp\/v2\/product_brand?post=10804"},{"taxonomy":"product_cat","embeddable":true,"href":"https:\/\/moi-dom.md\/ro\/wp-json\/wp\/v2\/product_cat?post=10804"},{"taxonomy":"product_tag","embeddable":true,"href":"https:\/\/moi-dom.md\/ro\/wp-json\/wp\/v2\/product_tag?post=10804"}],"curies":[{"name":"wp","href":"https:\/\/api.w.org\/{rel}","templated":true}]}}