{"id":10802,"date":"2026-02-22T15:29:09","date_gmt":"2026-02-22T12:29:09","guid":{"rendered":"https:\/\/moi-dom.md\/product\/bol-ceramic-fiori\/"},"modified":"2026-02-22T15:42:49","modified_gmt":"2026-02-22T12:42:49","slug":"bol-ceramic-fiori","status":"publish","type":"product","link":"https:\/\/moi-dom.md\/ro\/produs\/bol-ceramic-fiori\/","title":{"rendered":"Bol ceramic Fiori"},"content":{"rendered":"<p class=\"p1\">Bolul ceramic Fiori este realizat \u00een form\u0103 de floare, cu petale \u00een relief \u0219i detalii decorative. Nuan\u021ba roz delicat\u0103, combinat\u0103 cu accente verzi, ofer\u0103 un aer proasp\u0103t de prim\u0103var\u0103. Diametrul de 16 cm \u00eel face potrivit pentru deserturi, fructe sau gust\u0103ri. Textura reliefat\u0103 ofer\u0103 un aspect decorativ deosebit.    <\/p>\n","protected":false},"excerpt":{"rendered":"<p class=\"p1\">Bol ceramic \u00een form\u0103 de floare. Accent delicat pentru servire de prim\u0103var\u0103. <\/p>\n","protected":false},"featured_media":10801,"template":"","meta":[],"product_brand":[],"product_cat":[1027,887,239],"product_tag":[],"class_list":{"0":"post-10802","1":"product","2":"type-product","3":"status-publish","4":"has-post-thumbnail","6":"product_cat-pashalnyy-dekor","7":"product_cat-dlya-podachi","8":"product_cat-posyda","9":"pa_brand-edg-enzo-de-gasperi","10":"pa_material-594","11":"pa_size-o16x7-","13":"first","14":"instock","15":"shipping-taxable","16":"purchasable","17":"product-type-simple"},"_links":{"self":[{"href":"https:\/\/moi-dom.md\/ro\/wp-json\/wp\/v2\/product\/10802","targetHints":{"allow":["GET"]}}],"collection":[{"href":"https:\/\/moi-dom.md\/ro\/wp-json\/wp\/v2\/product"}],"about":[{"href":"https:\/\/moi-dom.md\/ro\/wp-json\/wp\/v2\/types\/product"}],"version-history":[{"count":1,"href":"https:\/\/moi-dom.md\/ro\/wp-json\/wp\/v2\/product\/10802\/revisions"}],"predecessor-version":[{"id":10816,"href":"https:\/\/moi-dom.md\/ro\/wp-json\/wp\/v2\/product\/10802\/revisions\/10816"}],"wp:featuredmedia":[{"embeddable":true,"href":"https:\/\/moi-dom.md\/ro\/wp-json\/wp\/v2\/media\/10801"}],"wp:attachment":[{"href":"https:\/\/moi-dom.md\/ro\/wp-json\/wp\/v2\/media?parent=10802"}],"wp:term":[{"taxonomy":"product_brand","embeddable":true,"href":"https:\/\/moi-dom.md\/ro\/wp-json\/wp\/v2\/product_brand?post=10802"},{"taxonomy":"product_cat","embeddable":true,"href":"https:\/\/moi-dom.md\/ro\/wp-json\/wp\/v2\/product_cat?post=10802"},{"taxonomy":"product_tag","embeddable":true,"href":"https:\/\/moi-dom.md\/ro\/wp-json\/wp\/v2\/product_tag?post=10802"}],"curies":[{"name":"wp","href":"https:\/\/api.w.org\/{rel}","templated":true}]}}