{"id":10776,"date":"2026-02-22T13:42:05","date_gmt":"2026-02-22T10:42:05","guid":{"rendered":"https:\/\/moi-dom.md\/product\/rama-pentru-fotografie-margherita\/"},"modified":"2026-02-22T13:42:05","modified_gmt":"2026-02-22T10:42:05","slug":"rama-pentru-fotografie-margherita","status":"publish","type":"product","link":"https:\/\/moi-dom.md\/ro\/produs\/rama-pentru-fotografie-margherita\/","title":{"rendered":"Rama pentru fotografie Margherita"},"content":{"rendered":"<p class=\"p1\">Rama foto Margherita este un element decorativ cu model floral delicat. Marginea realizat\u0103 din flori tip margarete ofer\u0103 un aer luminos \u0219i proasp\u0103t, pun\u00e2nd fotografia \u00een valoare. Ideal\u0103 pentru decoruri de prim\u0103var\u0103 sau interioare romantice.  <\/p>\n","protected":false},"excerpt":{"rendered":"<p class=\"p1\">Ram\u0103 foto decorativ\u0103 cu motiv floral. Accent delicat pentru decor de prim\u0103var\u0103. <\/p>\n","protected":false},"featured_media":10770,"template":"","meta":[],"product_brand":[],"product_cat":[247,246],"product_tag":[],"class_list":{"0":"post-10776","1":"product","2":"type-product","3":"status-publish","4":"has-post-thumbnail","6":"product_cat-decor-pentru-casa","7":"product_cat-elemente-decorative","8":"pa_brand-edg-enzo-de-gasperi","9":"pa_material-plastic-poliresin","10":"pa_size-10x15-cm","11":"pa_size-13x18-cm","13":"first","14":"instock","15":"shipping-taxable","16":"purchasable","17":"product-type-variable"},"_links":{"self":[{"href":"https:\/\/moi-dom.md\/ro\/wp-json\/wp\/v2\/product\/10776","targetHints":{"allow":["GET"]}}],"collection":[{"href":"https:\/\/moi-dom.md\/ro\/wp-json\/wp\/v2\/product"}],"about":[{"href":"https:\/\/moi-dom.md\/ro\/wp-json\/wp\/v2\/types\/product"}],"version-history":[{"count":0,"href":"https:\/\/moi-dom.md\/ro\/wp-json\/wp\/v2\/product\/10776\/revisions"}],"wp:featuredmedia":[{"embeddable":true,"href":"https:\/\/moi-dom.md\/ro\/wp-json\/wp\/v2\/media\/10770"}],"wp:attachment":[{"href":"https:\/\/moi-dom.md\/ro\/wp-json\/wp\/v2\/media?parent=10776"}],"wp:term":[{"taxonomy":"product_brand","embeddable":true,"href":"https:\/\/moi-dom.md\/ro\/wp-json\/wp\/v2\/product_brand?post=10776"},{"taxonomy":"product_cat","embeddable":true,"href":"https:\/\/moi-dom.md\/ro\/wp-json\/wp\/v2\/product_cat?post=10776"},{"taxonomy":"product_tag","embeddable":true,"href":"https:\/\/moi-dom.md\/ro\/wp-json\/wp\/v2\/product_tag?post=10776"}],"curies":[{"name":"wp","href":"https:\/\/api.w.org\/{rel}","templated":true}]}}