{"id":10768,"date":"2026-02-22T11:45:58","date_gmt":"2026-02-22T08:45:58","guid":{"rendered":"https:\/\/moi-dom.md\/product\/suport-lumanare-margherita\/"},"modified":"2026-02-22T11:45:58","modified_gmt":"2026-02-22T08:45:58","slug":"suport-lumanare-margherita","status":"publish","type":"product","link":"https:\/\/moi-dom.md\/ro\/produs\/suport-lumanare-margherita\/","title":{"rendered":"Suport lum\u00e2nare Margherita"},"content":{"rendered":"<p class=\"p1\">Suportul de lum\u00e2nare Margherita este o pies\u0103 decorativ\u0103 cu model floral delicat. \u00cen\u0103l\u021bimea de 22 cm \u00eel transform\u0103 \u00eentr-un element central al mesei sau al decorului interior. Textura cu motive de margarete ofer\u0103 un aspect rafinat \u0219i luminos. Potrivit pentru lum\u00e2n\u0103ri tip con sau cilindru sub\u021bire.   <\/p>\n","protected":false},"excerpt":{"rendered":"<p class=\"p1\">Suport decorativ pentru lum\u00e2nare, 22 cm, cu motiv floral. Accent elegant pentru decor de prim\u0103var\u0103. <\/p>\n","protected":false},"featured_media":10759,"template":"","meta":[],"product_brand":[],"product_cat":[237,808],"product_tag":[],"class_list":{"0":"post-10768","1":"product","2":"type-product","3":"status-publish","4":"has-post-thumbnail","6":"product_cat-dekor-dlya-doma","7":"product_cat-svechi-i-podsvechniki","8":"pa_brand-edg-enzo-de-gasperi","9":"pa_material-polirezinoviy-plastik","10":"pa_size-10x10x22-","12":"first","13":"instock","14":"shipping-taxable","15":"purchasable","16":"product-type-simple"},"_links":{"self":[{"href":"https:\/\/moi-dom.md\/ro\/wp-json\/wp\/v2\/product\/10768","targetHints":{"allow":["GET"]}}],"collection":[{"href":"https:\/\/moi-dom.md\/ro\/wp-json\/wp\/v2\/product"}],"about":[{"href":"https:\/\/moi-dom.md\/ro\/wp-json\/wp\/v2\/types\/product"}],"version-history":[{"count":0,"href":"https:\/\/moi-dom.md\/ro\/wp-json\/wp\/v2\/product\/10768\/revisions"}],"wp:featuredmedia":[{"embeddable":true,"href":"https:\/\/moi-dom.md\/ro\/wp-json\/wp\/v2\/media\/10759"}],"wp:attachment":[{"href":"https:\/\/moi-dom.md\/ro\/wp-json\/wp\/v2\/media?parent=10768"}],"wp:term":[{"taxonomy":"product_brand","embeddable":true,"href":"https:\/\/moi-dom.md\/ro\/wp-json\/wp\/v2\/product_brand?post=10768"},{"taxonomy":"product_cat","embeddable":true,"href":"https:\/\/moi-dom.md\/ro\/wp-json\/wp\/v2\/product_cat?post=10768"},{"taxonomy":"product_tag","embeddable":true,"href":"https:\/\/moi-dom.md\/ro\/wp-json\/wp\/v2\/product_tag?post=10768"}],"curies":[{"name":"wp","href":"https:\/\/api.w.org\/{rel}","templated":true}]}}